{"id":1141,"date":"2020-12-11T17:04:21","date_gmt":"2020-12-11T16:04:21","guid":{"rendered":"http:\/\/sogema-engineering.com\/?page_id=1141"},"modified":"2021-10-19T11:31:49","modified_gmt":"2021-10-19T09:31:49","slug":"control-mesure","status":"publish","type":"page","link":"https:\/\/sogema-engineering.com\/en\/control-mesure\/","title":{"rendered":"Control\/ measure"},"content":{"rendered":"\r\n<div class=\"cim-header\" style=\"background-image:url(http:\/\/sogema-engineering.com\/wp-content\/uploads\/2021\/10\/header-news-1-1.png);\">\r\n\t <div class=\"overlay\"><\/div> \t<div class=\"bottom-shape\"><\/div>\r\n\t<div class=\"container\">\r\n\t\t\t\t\t<div class=\"breadcrumb\">\r\n\t\t\t\t<ul>\r\n\t\t\t\t\t\t\t\t\t\t\t\t<li><a href=\"https:\/\/sogema-engineering.com\/en\/\">Home<\/a><\/li>\r\n\t\t\t\t\t\t\t\t\t\t\t\t<li><span>Control\/ measure<\/span><\/li>\r\n\t\t\t\t\t\t\t\t\t\t<\/ul>\r\n\t\t\t<\/div>\r\n\t\t\r\n\t\t<div class=\"row\">\r\n\t\t\t<div class=\"col-12 col-lg-9\">\r\n\t\t\t\t<h1>Control\/ measure<\/h1>\r\n\t\t\t<\/div>\r\n\t\t<\/div>\r\n\t<\/div>\r\n<\/div>\n\n<div class=\"cim-list-icn\">\r\n\t<div class=\"container\">\r\n\t\t\t\t\r\n\t\t<div class=\"elements\">\r\n\t\t\t\t\t\t\t\t<div class=\"element\">\r\n\t\t\t\t\t\t<div class=\"row\">\r\n\t\t\t\t\t\t\t<div class=\"col-1\">\r\n\t\t\t\t\t\t\t\t\t\t\t\t\t\t\t<\/div>\r\n\t\t\t\t\t\t\t<div class=\"col-11\">\r\n\t\t\t\t\t\t\t\t<h3>Wheelsets measuring bench<\/h3>\t\t\t\t\t\t\t\t<p>Laser measuring bench used for controlling mounted wheelsets<\/p>\t\t\t\t\t\t\t<\/div>\r\n\t\t\t\t\t\t<\/div>\r\n\t\t\t\t\t<\/div>\r\n\t\t\t\t\t\t\t\t\t\t<div class=\"element\">\r\n\t\t\t\t\t\t<div class=\"row\">\r\n\t\t\t\t\t\t\t<div class=\"col-1\">\r\n\t\t\t\t\t\t\t\t\t\t\t\t\t\t\t<\/div>\r\n\t\t\t\t\t\t\t<div class=\"col-11\">\r\n\t\t\t\t\t\t\t\t<h3>Spring testing press<\/h3>\t\t\t\t\t\t\t\t<p>Characterization of suspension springs<\/p>\t\t\t\t\t\t\t<\/div>\r\n\t\t\t\t\t\t<\/div>\r\n\t\t\t\t\t<\/div>\r\n\t\t\t\t\t\t\t\t\t\t<div class=\"element\">\r\n\t\t\t\t\t\t<div class=\"row\">\r\n\t\t\t\t\t\t\t<div class=\"col-1\">\r\n\t\t\t\t\t\t\t\t\t\t\t\t\t\t\t<\/div>\r\n\t\t\t\t\t\t\t<div class=\"col-11\">\r\n\t\t\t\t\t\t\t\t<h3>Bogie press<\/h3>\t\t\t\t\t\t\t\t<p>Bogie press ensuring the verification of the load repartition on all the wheels of the bogie.<\/p>\t\t\t\t\t\t\t<\/div>\r\n\t\t\t\t\t\t<\/div>\r\n\t\t\t\t\t<\/div>\r\n\t\t\t\t\t\t\t\t\t\t<div class=\"element\">\r\n\t\t\t\t\t\t<div class=\"row\">\r\n\t\t\t\t\t\t\t<div class=\"col-1\">\r\n\t\t\t\t\t\t\t\t\t\t\t\t\t\t\t<\/div>\r\n\t\t\t\t\t\t\t<div class=\"col-11\">\r\n\t\t\t\t\t\t\t\t<h3>Banc d&#8217;equerrage<\/h3>\t\t\t\t\t\t\t\t<p>Contr\u00f4ler la plan\u00e9it\u00e9 des chassis des bogies.<\/p>\t\t\t\t\t\t\t<\/div>\r\n\t\t\t\t\t\t<\/div>\r\n\t\t\t\t\t<\/div>\r\n\t\t\t\t\t\t\t<\/div>\r\n\t<\/div>\r\n<\/div>\n\n<div class=\"cim-section\" style=\"background-image:url(http:\/\/sogema-engineering.com\/wp-content\/uploads\/2021\/03\/cim-projet.jpg);\">\r\n\t\t\t<div class=\"overlay\"><\/div>\r\n\t\t\t<div class=\"container\">\r\n\t\t<div class=\"row\">\r\n\t\t\t<div class=\"col-12 col-lg-6\">\r\n\t\t\t\t <h2>Design office<\/h2> \t\t\t\t <div class=\"text\">With more than 40 years of experience in the design of equipment goods for railway maintenance workshops, our design office is among the most advanced in the sector.<\/div> \t\t\t\t\t\t\t\t\t<div class=\"cta\">\r\n\t\t\t\t\t\t<a href=\"https:\/\/sogema-engineering.com\/en\/cim-projet-360\/\">LEARN MORE<\/a>\r\n\t\t\t\t\t<\/div>\r\n\t\t\t\t\t\t\t\t<\/div>\r\n\t\t<\/div>\r\n\t<\/div>\r\n<\/div>","protected":false},"excerpt":{"rendered":"","protected":false},"author":4,"featured_media":0,"parent":0,"menu_order":0,"comment_status":"closed","ping_status":"closed","template":"","meta":{"_acf_changed":false,"footnotes":""},"class_list":["post-1141","page","type-page","status-publish","hentry"],"acf":[],"yoast_head":"<!-- This site is optimized with the Yoast SEO plugin v27.5 - https:\/\/yoast.com\/product\/yoast-seo-wordpress\/ -->\n<title>Control\/ measure - SEG<\/title>\n<meta name=\"robots\" content=\"index, follow, max-snippet:-1, max-image-preview:large, max-video-preview:-1\" \/>\n<link rel=\"canonical\" href=\"https:\/\/sogema-engineering.com\/en\/control-mesure\/\" \/>\n<meta property=\"og:locale\" content=\"en_US\" \/>\n<meta property=\"og:type\" content=\"article\" \/>\n<meta property=\"og:title\" content=\"Control\/ measure - SEG\" \/>\n<meta property=\"og:url\" content=\"https:\/\/sogema-engineering.com\/en\/control-mesure\/\" \/>\n<meta property=\"og:site_name\" content=\"SEG\" \/>\n<meta property=\"article:modified_time\" content=\"2021-10-19T09:31:49+00:00\" \/>\n<meta name=\"twitter:card\" content=\"summary_large_image\" \/>\n<script type=\"application\/ld+json\" class=\"yoast-schema-graph\">{\"@context\":\"https:\\\/\\\/schema.org\",\"@graph\":[{\"@type\":\"WebPage\",\"@id\":\"https:\\\/\\\/sogema-engineering.com\\\/en\\\/control-mesure\\\/\",\"url\":\"https:\\\/\\\/sogema-engineering.com\\\/en\\\/control-mesure\\\/\",\"name\":\"Control\\\/ measure - SEG\",\"isPartOf\":{\"@id\":\"https:\\\/\\\/sogema-engineering.com\\\/en\\\/#website\"},\"datePublished\":\"2020-12-11T16:04:21+00:00\",\"dateModified\":\"2021-10-19T09:31:49+00:00\",\"breadcrumb\":{\"@id\":\"https:\\\/\\\/sogema-engineering.com\\\/en\\\/control-mesure\\\/#breadcrumb\"},\"inLanguage\":\"en-US\",\"potentialAction\":[{\"@type\":\"ReadAction\",\"target\":[\"https:\\\/\\\/sogema-engineering.com\\\/en\\\/control-mesure\\\/\"]}]},{\"@type\":\"BreadcrumbList\",\"@id\":\"https:\\\/\\\/sogema-engineering.com\\\/en\\\/control-mesure\\\/#breadcrumb\",\"itemListElement\":[{\"@type\":\"ListItem\",\"position\":1,\"name\":\"Accueil\",\"item\":\"https:\\\/\\\/sogema-engineering.com\\\/en\\\/\"},{\"@type\":\"ListItem\",\"position\":2,\"name\":\"Control\\\/ measure\"}]},{\"@type\":\"WebSite\",\"@id\":\"https:\\\/\\\/sogema-engineering.com\\\/en\\\/#website\",\"url\":\"https:\\\/\\\/sogema-engineering.com\\\/en\\\/\",\"name\":\"SEG\",\"description\":\"SEG - Sogema Engineering Expertise, Ing\u00e9nierie et solutions ferroviaires par Sogema.\",\"potentialAction\":[{\"@type\":\"SearchAction\",\"target\":{\"@type\":\"EntryPoint\",\"urlTemplate\":\"https:\\\/\\\/sogema-engineering.com\\\/en\\\/?s={search_term_string}\"},\"query-input\":{\"@type\":\"PropertyValueSpecification\",\"valueRequired\":true,\"valueName\":\"search_term_string\"}}],\"inLanguage\":\"en-US\"}]}<\/script>\n<!-- \/ Yoast SEO plugin. -->","yoast_head_json":{"title":"Control\/ measure - SEG","robots":{"index":"index","follow":"follow","max-snippet":"max-snippet:-1","max-image-preview":"max-image-preview:large","max-video-preview":"max-video-preview:-1"},"canonical":"https:\/\/sogema-engineering.com\/en\/control-mesure\/","og_locale":"en_US","og_type":"article","og_title":"Control\/ measure - SEG","og_url":"https:\/\/sogema-engineering.com\/en\/control-mesure\/","og_site_name":"SEG","article_modified_time":"2021-10-19T09:31:49+00:00","twitter_card":"summary_large_image","schema":{"@context":"https:\/\/schema.org","@graph":[{"@type":"WebPage","@id":"https:\/\/sogema-engineering.com\/en\/control-mesure\/","url":"https:\/\/sogema-engineering.com\/en\/control-mesure\/","name":"Control\/ measure - SEG","isPartOf":{"@id":"https:\/\/sogema-engineering.com\/en\/#website"},"datePublished":"2020-12-11T16:04:21+00:00","dateModified":"2021-10-19T09:31:49+00:00","breadcrumb":{"@id":"https:\/\/sogema-engineering.com\/en\/control-mesure\/#breadcrumb"},"inLanguage":"en-US","potentialAction":[{"@type":"ReadAction","target":["https:\/\/sogema-engineering.com\/en\/control-mesure\/"]}]},{"@type":"BreadcrumbList","@id":"https:\/\/sogema-engineering.com\/en\/control-mesure\/#breadcrumb","itemListElement":[{"@type":"ListItem","position":1,"name":"Accueil","item":"https:\/\/sogema-engineering.com\/en\/"},{"@type":"ListItem","position":2,"name":"Control\/ measure"}]},{"@type":"WebSite","@id":"https:\/\/sogema-engineering.com\/en\/#website","url":"https:\/\/sogema-engineering.com\/en\/","name":"SEG","description":"SEG - Sogema Engineering Expertise, Ing\u00e9nierie et solutions ferroviaires par Sogema.","potentialAction":[{"@type":"SearchAction","target":{"@type":"EntryPoint","urlTemplate":"https:\/\/sogema-engineering.com\/en\/?s={search_term_string}"},"query-input":{"@type":"PropertyValueSpecification","valueRequired":true,"valueName":"search_term_string"}}],"inLanguage":"en-US"}]}},"_links":{"self":[{"href":"https:\/\/sogema-engineering.com\/en\/wp-json\/wp\/v2\/pages\/1141","targetHints":{"allow":["GET"]}}],"collection":[{"href":"https:\/\/sogema-engineering.com\/en\/wp-json\/wp\/v2\/pages"}],"about":[{"href":"https:\/\/sogema-engineering.com\/en\/wp-json\/wp\/v2\/types\/page"}],"author":[{"embeddable":true,"href":"https:\/\/sogema-engineering.com\/en\/wp-json\/wp\/v2\/users\/4"}],"replies":[{"embeddable":true,"href":"https:\/\/sogema-engineering.com\/en\/wp-json\/wp\/v2\/comments?post=1141"}],"version-history":[{"count":4,"href":"https:\/\/sogema-engineering.com\/en\/wp-json\/wp\/v2\/pages\/1141\/revisions"}],"predecessor-version":[{"id":2666,"href":"https:\/\/sogema-engineering.com\/en\/wp-json\/wp\/v2\/pages\/1141\/revisions\/2666"}],"wp:attachment":[{"href":"https:\/\/sogema-engineering.com\/en\/wp-json\/wp\/v2\/media?parent=1141"}],"curies":[{"name":"wp","href":"https:\/\/api.w.org\/{rel}","templated":true}]}}