{"id":3203,"date":"2021-11-18T15:53:14","date_gmt":"2021-11-18T14:53:14","guid":{"rendered":"https:\/\/sogema-engineering.com\/?page_id=3203"},"modified":"2021-11-18T15:57:29","modified_gmt":"2021-11-18T14:57:29","slug":"assembly-2","status":"publish","type":"page","link":"https:\/\/sogema-engineering.com\/en\/assembly-2\/","title":{"rendered":"Assembly"},"content":{"rendered":"\r\n<div class=\"cim-header\" style=\"background-image:url(http:\/\/sogema-engineering.com\/wp-content\/uploads\/2021\/10\/header-news-1-1.png);\">\r\n\t <div class=\"overlay\"><\/div> \t<div class=\"bottom-shape\"><\/div>\r\n\t<div class=\"container\">\r\n\t\t\t\t\t<div class=\"breadcrumb\">\r\n\t\t\t\t<ul>\r\n\t\t\t\t\t\t\t\t\t\t\t\t<li><a href=\"https:\/\/sogema-engineering.com\/en\/\">Home<\/a><\/li>\r\n\t\t\t\t\t\t\t\t\t\t\t\t<li><span>Assembly<\/span><\/li>\r\n\t\t\t\t\t\t\t\t\t\t<\/ul>\r\n\t\t\t<\/div>\r\n\t\t\r\n\t\t<div class=\"row\">\r\n\t\t\t<div class=\"col-12 col-lg-9\">\r\n\t\t\t\t<h1>Assembly<\/h1>\r\n\t\t\t<\/div>\r\n\t\t<\/div>\r\n\t<\/div>\r\n<\/div>\n\n<div class=\"cim-columns\">\r\n\t<div class=\"container\">\r\n\t\t\t\t\r\n\t\t\r\n\t\t<div class=\"row\">\r\n\t\t\t\t\t\t\t<div class=\"col-12 col-lg-6\">\r\n\t\t\t\t\t<div class=\"element\">\r\n\t\t\t\t\t\t<img decoding=\"async\" src=\"http:\/\/sogema-engineering.com\/wp-content\/uploads\/2021\/10\/24336-presse-caler-decaler-284x150-1.jpeg\" \/>\t\t\t\t\t\t<h3>Hydraulic wheel presses<\/h3>\t\t\t\t\t\t<div class=\"element-text\"><p>Used for mounting and dismounting of wheels , brake discs etc.<\/p><p>Many options are possible :<\/p><p>&#8211; Trolley<\/p><p>&#8211; Preparation table<\/p><p>&#8211; Gantry crane<\/p><p>&#8211; Calibration set<\/p><p>&#8211; Additional measuring devices<\/p><\/div>\t\t\t\t\t\t\t\t\t\t\t<\/div>\r\n\t\t\t\t<\/div>\r\n\t\t\t\t\t\t\t\t<div class=\"col-12 col-lg-6\">\r\n\t\t\t\t\t<div class=\"element\">\r\n\t\t\t\t\t\t<img decoding=\"async\" src=\"http:\/\/sogema-engineering.com\/wp-content\/uploads\/2021\/10\/28787-presse-bogies-284x150-1.jpeg\" \/>\t\t\t\t\t\t<h3>Bogie assembly press<\/h3>\t\t\t\t\t\t<div class=\"element-text\"><p>Allows the mounting and dismounting of the bogie<\/p><p>&#8211; Positioning of the wheel set<\/p><p>&#8211; Compression of the primary suspensions<\/p><\/div>\t\t\t\t\t\t\t\t\t\t\t<\/div>\r\n\t\t\t\t<\/div>\r\n\t\t\t\t\t\t<\/div>\r\n\t<\/div>\r\n<\/div>\n\n\n<h2 class=\"wp-block-heading\">How the mounting &amp; dismounting press works.<\/h2>\n\n\n\n<figure class=\"wp-block-embed aligncenter is-type-video is-provider-youtube wp-block-embed-youtube wp-embed-aspect-4-3 wp-has-aspect-ratio\"><div class=\"wp-block-embed__wrapper\">\n<iframe loading=\"lazy\" title=\"Presse \u00e0 caler et \u00e0 d\u00e9caler de SEG\" width=\"500\" height=\"375\" src=\"https:\/\/www.youtube.com\/embed\/EYlPblMlO6U?feature=oembed\" frameborder=\"0\" allow=\"accelerometer; autoplay; clipboard-write; encrypted-media; gyroscope; picture-in-picture; web-share\" referrerpolicy=\"strict-origin-when-cross-origin\" allowfullscreen><\/iframe>\n<\/div><\/figure>\n\n\n<div class=\"cim-section\" style=\"background-image:url(http:\/\/sogema-engineering.com\/wp-content\/uploads\/2021\/03\/cim-projet.jpg);\">\r\n\t\t\t<div class=\"overlay\"><\/div>\r\n\t\t\t<div class=\"container\">\r\n\t\t<div class=\"row\">\r\n\t\t\t<div class=\"col-12 col-lg-6\">\r\n\t\t\t\t <h2>Design office<\/h2> \t\t\t\t <div class=\"text\">With more than 40 years of experience in the design of equipment goods for railway maintenance workshops, our design office is among the most advanced in the sector.<\/div> \t\t\t\t\t\t\t\t\t<div class=\"cta\">\r\n\t\t\t\t\t\t<a href=\"https:\/\/sogema-engineering.com\/en\/cim-projet-360\/\">LEARN MORE<\/a>\r\n\t\t\t\t\t<\/div>\r\n\t\t\t\t\t\t\t\t<\/div>\r\n\t\t<\/div>\r\n\t<\/div>\r\n<\/div>","protected":false},"excerpt":{"rendered":"<p>How the mounting &amp; dismounting press works.<\/p>\n","protected":false},"author":12,"featured_media":0,"parent":0,"menu_order":0,"comment_status":"closed","ping_status":"closed","template":"","meta":{"_acf_changed":false,"footnotes":""},"class_list":["post-3203","page","type-page","status-publish","hentry"],"acf":[],"_links":{"self":[{"href":"https:\/\/sogema-engineering.com\/en\/wp-json\/wp\/v2\/pages\/3203","targetHints":{"allow":["GET"]}}],"collection":[{"href":"https:\/\/sogema-engineering.com\/en\/wp-json\/wp\/v2\/pages"}],"about":[{"href":"https:\/\/sogema-engineering.com\/en\/wp-json\/wp\/v2\/types\/page"}],"author":[{"embeddable":true,"href":"https:\/\/sogema-engineering.com\/en\/wp-json\/wp\/v2\/users\/12"}],"replies":[{"embeddable":true,"href":"https:\/\/sogema-engineering.com\/en\/wp-json\/wp\/v2\/comments?post=3203"}],"version-history":[{"count":2,"href":"https:\/\/sogema-engineering.com\/en\/wp-json\/wp\/v2\/pages\/3203\/revisions"}],"predecessor-version":[{"id":3205,"href":"https:\/\/sogema-engineering.com\/en\/wp-json\/wp\/v2\/pages\/3203\/revisions\/3205"}],"wp:attachment":[{"href":"https:\/\/sogema-engineering.com\/en\/wp-json\/wp\/v2\/media?parent=3203"}],"curies":[{"name":"wp","href":"https:\/\/api.w.org\/{rel}","templated":true}]}}