{"id":1074,"date":"2020-11-25T09:33:45","date_gmt":"2020-11-25T08:33:45","guid":{"rendered":"http:\/\/sogema-engineering.com\/?page_id=1074"},"modified":"2021-12-27T09:55:26","modified_gmt":"2021-12-27T08:55:26","slug":"nuestra-experiencia","status":"publish","type":"page","link":"https:\/\/sogema-engineering.com\/es\/nuestra-experiencia\/","title":{"rendered":"Nuestra experiencia"},"content":{"rendered":"\r\n<div class=\"cim-header\" style=\"background-image:url(http:\/\/sogema-engineering.com\/wp-content\/uploads\/2021\/10\/header-news-1-1.png);\">\r\n\t\t<div class=\"bottom-shape\"><\/div>\r\n\t<div class=\"container\">\r\n\t\t\t\t\t<div class=\"breadcrumb\">\r\n\t\t\t\t<ul>\r\n\t\t\t\t\t\t\t\t\t\t\t\t<li><a href=\"https:\/\/sogema-engineering.com\/es\/\">INICIO<\/a><\/li>\r\n\t\t\t\t\t\t\t\t\t\t\t\t<li><span>Nuestra experiencia<\/span><\/li>\r\n\t\t\t\t\t\t\t\t\t\t<\/ul>\r\n\t\t\t<\/div>\r\n\t\t\r\n\t\t<div class=\"row\">\r\n\t\t\t<div class=\"col-12 col-lg-9\">\r\n\t\t\t\t<h1>Sogema Engineering Expertise, Ingenier\u00eda y soluciones ferroviarias de Sogema.<\/h1>\r\n\t\t\t<\/div>\r\n\t\t<\/div>\r\n\t<\/div>\r\n<\/div>\n\n\n<div class=\"wp-block-columns is-layout-flex wp-container-core-columns-is-layout-9d6595d7 wp-block-columns-is-layout-flex\">\n<div class=\"wp-block-column is-layout-flow wp-block-column-is-layout-flow\" style=\"flex-basis:15%\"><\/div>\n\n\n\n<div class=\"wp-block-column is-layout-flow wp-block-column-is-layout-flow\" style=\"flex-basis:70%\">\n<div class=\"wp-block-columns is-layout-flex wp-container-core-columns-is-layout-9d6595d7 wp-block-columns-is-layout-flex\">\n<div class=\"wp-block-column is-layout-flow wp-block-column-is-layout-flow\" style=\"flex-basis:50%\">\n<figure class=\"wp-block-image size-full\"><img loading=\"lazy\" decoding=\"async\" width=\"609\" height=\"200\" src=\"http:\/\/sogema-engineering.com\/wp-content\/uploads\/2021\/10\/164656-production-609x200-1.jpg\" alt=\"\" class=\"wp-image-2482\" srcset=\"https:\/\/sogema-engineering.com\/wp-content\/uploads\/2021\/10\/164656-production-609x200-1.jpg 609w, https:\/\/sogema-engineering.com\/wp-content\/uploads\/2021\/10\/164656-production-609x200-1-300x99.jpg 300w\" sizes=\"auto, (max-width: 609px) 100vw, 609px\" \/><\/figure>\n\n\n<div class=\"simple-text \">\r\n\t\r\n\t<div class=\"container\">\r\n\t\t<div class=\"row\">\r\n\t\t\t<div class=\"col-1 decorator\"><\/div>\r\n\t\t\t<div class=\"col\">\r\n\t\t\t\t <h2><strong><span class=\"has-inline-color has-luminous-vivid-orange-color\">Nuestra producci\u00f3n<\/span><\/strong><\/h2> \t\t\t\t <div class=\"text\"><p>Sogema Engineering se especializa en la producci\u00f3n de bancos de prueba, equipos de prueba, prensas hidr\u00e1ulicas y sistemas hidr\u00e1ulicos. Grandes grupos del sector ferroviario conf\u00edan en nosotros. <\/p><p><strong>El dominio de las tecnolog\u00edas est\u00e1 integrado en el ciclo de dise\u00f1o :<\/strong><\/p><\/div> \t\t\t\t<div class=\"ctas\">\r\n\t\t\t\t\t\t\t\t\t<\/div>\r\n\t\t\t<\/div>\r\n\t\t\t\r\n\t\t<\/div>\r\n\t<\/div>\r\n<\/div>\r\n\r\n\n\n<div class=\"cim-simple-list \">\r\n    <ul>\r\n        <li>Mec\u00e1nico<\/li><li>Electricidad, automatizaci\u00f3n<\/li><li>Hidr\u00e1ulico<\/li><li>C\u00e1lculos de elementos finitos<\/li><li>Inform\u00e1tica Industrial<\/li><li>Esclavitud<\/li>    <\/ul>\r\n<\/div>\r\n<\/div>\n\n\n\n<div class=\"wp-block-column is-layout-flow wp-block-column-is-layout-flow\" style=\"flex-basis:50%\">\n<figure class=\"wp-block-image size-full is-resized\"><img loading=\"lazy\" decoding=\"async\" src=\"https:\/\/sogema-engineering.com\/wp-content\/uploads\/2021\/10\/solutions.jpg\" alt=\"\" class=\"wp-image-2510\" width=\"525\" height=\"172\"\/><\/figure>\n\n\n<div class=\"simple-text \">\r\n\t\r\n\t<div class=\"container\">\r\n\t\t<div class=\"row\">\r\n\t\t\t<div class=\"col-1 decorator\"><\/div>\r\n\t\t\t<div class=\"col\">\r\n\t\t\t\t <h2><strong><span class=\"has-inline-color has-luminous-vivid-orange-color\">Nuestras soluciones<\/span><\/strong><\/h2> \t\t\t\t <div class=\"text\"><p><strong>Nuestro know-how y nuestra experiencia ferroviaria, reforzados por una gran especializaci\u00f3n en componentes rodantes (eje, bogie) nos permite ofrecer soluciones adaptadas a sus necesidades.Grandes grupos del sector ferroviario conf\u00edan en nosotros.<\/strong> <\/p><p>Le brindamos soluciones que van desde la ingenier\u00eda hasta el suministro de equipos y la consultor\u00eda. Nuestro conocimiento de los procesos y equipos tambi\u00e9n nos permite ofrecerle soluciones de modernizaci\u00f3n y actualizaci\u00f3n para su equipo existente y as\u00ed darle una segunda vida agregando tecnolog\u00edas avanzadas. Nuestra experiencia global nos permite adaptarnos a su organizaci\u00f3n y brindarle las mejores soluciones para optimizar la gesti\u00f3n de sus talleres de mantenimiento de ejes, bogies o trenes.<\/p><\/div> \t\t\t\t<div class=\"ctas\">\r\n\t\t\t\t\t\t\t\t\t<\/div>\r\n\t\t\t<\/div>\r\n\t\t\t\r\n\t\t<\/div>\r\n\t<\/div>\r\n<\/div>\r\n\r\n<\/div>\n<\/div>\n<\/div>\n\n\n\n<div class=\"wp-block-column is-layout-flow wp-block-column-is-layout-flow\" style=\"flex-basis:15%\"><\/div>\n<\/div>\n\n\n<div class=\"cim-section\" style=\"background-image:url(http:\/\/sogema-engineering.com\/wp-content\/uploads\/2021\/03\/cim-projet.jpg);\">\r\n\t\t\t<div class=\"overlay\"><\/div>\r\n\t\t\t<div class=\"container\">\r\n\t\t<div class=\"row\">\r\n\t\t\t<div class=\"col-12 col-lg-6\">\r\n\t\t\t\t <h2>Oficina de Estudios<\/h2> \t\t\t\t <div class=\"text\">Con m\u00e1s de 40 a\u00f1os de experiencia en el dise\u00f1o de bienes de equipamiento para talleres de mantenimiento ferroviario, nuestra oficina de proyectos se encuentra entre las m\u00e1s avanzadas del sector.<\/div> \t\t\t\t\t\t\t\t\t<div class=\"cta\">\r\n\t\t\t\t\t\t<a href=\"https:\/\/sogema-engineering.com\/es\/cim-projet-360\/\"><strong>M\u00c1S INFORMACI\u00d3N SOBRE LA EMPRESA<\/strong><\/a>\r\n\t\t\t\t\t<\/div>\r\n\t\t\t\t\t\t\t\t<\/div>\r\n\t\t<\/div>\r\n\t<\/div>\r\n<\/div>","protected":false},"excerpt":{"rendered":"","protected":false},"author":5,"featured_media":0,"parent":0,"menu_order":0,"comment_status":"closed","ping_status":"closed","template":"","meta":{"_acf_changed":false,"footnotes":""},"class_list":["post-1074","page","type-page","status-publish","hentry"],"acf":[],"_links":{"self":[{"href":"https:\/\/sogema-engineering.com\/es\/wp-json\/wp\/v2\/pages\/1074","targetHints":{"allow":["GET"]}}],"collection":[{"href":"https:\/\/sogema-engineering.com\/es\/wp-json\/wp\/v2\/pages"}],"about":[{"href":"https:\/\/sogema-engineering.com\/es\/wp-json\/wp\/v2\/types\/page"}],"author":[{"embeddable":true,"href":"https:\/\/sogema-engineering.com\/es\/wp-json\/wp\/v2\/users\/5"}],"replies":[{"embeddable":true,"href":"https:\/\/sogema-engineering.com\/es\/wp-json\/wp\/v2\/comments?post=1074"}],"version-history":[{"count":13,"href":"https:\/\/sogema-engineering.com\/es\/wp-json\/wp\/v2\/pages\/1074\/revisions"}],"predecessor-version":[{"id":3931,"href":"https:\/\/sogema-engineering.com\/es\/wp-json\/wp\/v2\/pages\/1074\/revisions\/3931"}],"wp:attachment":[{"href":"https:\/\/sogema-engineering.com\/es\/wp-json\/wp\/v2\/media?parent=1074"}],"curies":[{"name":"wp","href":"https:\/\/api.w.org\/{rel}","templated":true}]}}