{"id":1112,"date":"2020-12-11T11:15:47","date_gmt":"2020-12-11T10:15:47","guid":{"rendered":"http:\/\/sogema-engineering.com\/?page_id=1112"},"modified":"2021-11-05T11:34:00","modified_gmt":"2021-11-05T10:34:00","slug":"accueil","status":"publish","type":"page","link":"https:\/\/sogema-engineering.com\/es\/","title":{"rendered":"Bienvenida"},"content":{"rendered":"<div class=\"cim-hero\" style=\"background-image:url(https:\/\/sogema-engineering.com\/wp-content\/uploads\/2021\/10\/slide5.jpg);\">\r\n\t\t\t<div class=\"overlay\"><\/div>\r\n\t\t\t\t<div class=\"bottom-svg\">\r\n\t\t\t<svg xmlns=\"http:\/\/www.w3.org\/2000\/svg\" width=\"1920\" height=\"235\" viewBox=\"0 0 1920 235\">\r\n\t\t\t\t<path style=\"fill:#7A7A7A\" data-name=\"svg-bottom\" d=\"M0,235V180L1920,0V235Z\" \/>\r\n\t\t\t<\/svg>\r\n\t\t<\/div>\r\n\t\t\t\t<div class=\"scroll-info\">\r\n\t\t\t<div class=\"bar\"><\/div>\r\n\t\t\t<div class=\"triangle\"><\/div>\r\n\t\t<\/div>\r\n\t\t\t<div class=\"container\">\r\n\t\t<div class=\"row\">\r\n\t\t\t<div class=\"col-12 col-lg-8\">\r\n\t\t\t\t <h1>SEG, UNA MARCA CIM<\/h1> \t\t\t\t <div class=\"text\">L\u00edder mundial en el dise\u00f1o y fabricaci\u00f3n de una gama completa de equipamiento de taller para mantenimiento ferroviario. 40 a\u00f1os de excelencia e innovaci\u00f3n para ofrecer soluciones a medida sean cuales sean las condiciones operativas.<\/div> \t\t\t\t\t\t\t\t\t<div class=\"cta\">\r\n\t\t\t\t\t\t<a href=\"https:\/\/sogema-engineering.com\/es\/a-propos\/\">Para saber m\u00e1s<\/a>\r\n\t\t\t\t\t<\/div>\r\n\t\t\t\t\t\t\t\t\t\r\n\t\t\t<\/div>\r\n\t\t\t<div class=\"col-12 col-lg-4\">\r\n\t\t\t\t\t\t\t\t\t<div class=\"hero-logo\">\r\n\t\t\t\t\t\t<img decoding=\"async\" src=\"https:\/\/sogema-engineering.com\/wp-content\/uploads\/2021\/11\/seg-logo-big-v.png\" \/>\r\n\t\t\t\t\t<\/div>\r\n\t\t\t\t\t\t\t\t<\/div>\r\n\t\t<\/div>\r\n\t<\/div>\r\n<\/div>\n\n<div class=\"cim-expertise\" style=\"background-color: #7A7A7A;\">\r\n\t<div class=\"container\">\r\n\t\t<div class=\"row\">\r\n\t\t\t<div class=\"col-12 col-lg-6\">\r\n\t\t\t\t <h2>nuestra soluci\u00f3n<\/h2> \t\t\t\t <div class=\"text\">Nuestro know-how y nuestra experiencia ferroviaria, reforzados por una gran especializaci\u00f3n en componentes rodantes (eje, bogie), nos permiten ofrecer soluciones adaptadas a sus necesidades.<br><br><strong>PRODUCCI\u00d3N<br><\/strong>SEG est\u00e1 especializada en la producci\u00f3n de tornos de perfilado, prensas y sistemas hidr\u00e1ulicos, bancos y equipos de prueba.<\/div> \t\t\t\t\t\t\t\t\t<div class=\"cta\">\r\n\t\t\t\t\t\t<a href=\"https:\/\/sogema-engineering.com\/es\/nuestra-experiencia\/\">Descubra nuestras  <strong>PRODUCCI\u00d3N<\/strong><\/a>\r\n\t\t\t\t\t<\/div>\r\n\t\t\t\t\t\t\t<\/div>\r\n\t\t\t<div class=\"col-12 col-lg-6\">\r\n\t\t\t\t<div class=\"expertise-features remove_exp_2\">\r\n\t\t\t\t\t<div class=\"expertises_1\">\r\n\t\t\t\t\t\t\t\t\t\t\t\t\t<div class=\"expertise-feature \">\r\n\t\t\t\t\t\t\t\t\t\t\t\t\t\t\t\t\t<div class=\"icn\">\r\n\t\t\t\t\t\t\t\t\t\t<img decoding=\"async\" src=\"http:\/\/sogema-engineering.com\/wp-content\/uploads\/2021\/10\/barre_atelage_hover.png\">\r\n\t\t\t\t\t\t\t\t\t<\/div>\r\n\t\t\t\t\t\t\t\tCONTROL \/ MEDICI\u00d3N \t\t\t\t\t\t\t\t\t\t\t\t\t\t\t<\/div>\r\n\t\t\t\t\t\t\t\t\t\t\t\t\t\t\t\t\t\t\t<div class=\"expertise-feature \">\r\n\t\t\t\t\t\t\t\t\t\t\t\t\t\t\t\t\t<div class=\"icn\">\r\n\t\t\t\t\t\t\t\t\t\t<img decoding=\"async\" src=\"http:\/\/sogema-engineering.com\/wp-content\/uploads\/2021\/10\/traction_lourde_hover.png\">\r\n\t\t\t\t\t\t\t\t\t<\/div>\r\n\t\t\t\t\t\t\t\tENSAMBLAJE \t\t\t\t\t\t\t\t\t\t\t\t\t\t\t<\/div>\r\n\t\t\t\t\t\t\t\t\t\t\t\t\t\t\t\t\t\t\t<div class=\"expertise-feature \">\r\n\t\t\t\t\t\t\t\t\t\t\t\t\t\t\t\t\t<div class=\"icn\">\r\n\t\t\t\t\t\t\t\t\t\t<img decoding=\"async\" src=\"http:\/\/sogema-engineering.com\/wp-content\/uploads\/2021\/10\/amortisseur_hover.png\">\r\n\t\t\t\t\t\t\t\t\t<\/div>\r\n\t\t\t\t\t\t\t\tREPROFILIAR\t\t\t\t\t\t\t\t\t\t\t\t\t\t\t<\/div>\r\n\t\t\t\t\t\t\t\t\t\t\t<\/div>\r\n\t\t\t\t\t<div class=\"expertises_2\">\r\n\t\t\t\t\t\t\t\t\t\t\t\t\t\t\t\t\t\t\t\t\t\t\t<\/div>\r\n\t\t\t\t<\/div>\r\n\t\t\t<\/div>\r\n\t\t<\/div>\r\n\t<\/div>\r\n<\/div>\n\n<div class=\"cim-spacer\"><\/div>\n\n<div class=\"cim-reassurance\" style=\"background-image:url(http:\/\/sogema-engineering.com\/wp-content\/uploads\/2019\/12\/world-map.svg);\">\r\n\t<div class=\"container\">\r\n\t\t <h2>En cifras<\/h2>  \r\n\t\t<div class=\"row\">\r\n\t\t\t<div class=\"col-12 col-lg-3\">\r\n\t\t\t\t<div class=\"reassurance-element\" data-reassurance-increment=\"1980\">\r\n\t\t\t\t\t <h3>1980<\/h3>  \r\n\t\t\t\t\t <div class=\"reassurance-text\"> a\u00f1o de creaci\u00f3n de la empresa <\/div>  \r\n\t\t\t\t<\/div>\r\n\t\t\t<\/div>\r\n\t\t\t<div class=\"col-12 col-lg-3\">\r\n\t\t\t\t<div class=\"reassurance-element\" data-reassurance-increment=\"40\">\r\n\t\t\t\t\t <h3>40<\/h3>  \r\n\t\t\t\t\t <div class=\"reassurance-text\"> pa\u00edses en los que opera SEG <\/div>  \r\n\t\t\t\t<\/div>\r\n\t\t\t<\/div>\r\n\t\t\t<div class=\"col-12 col-lg-3\">\r\n\t\t\t\t<div class=\"reassurance-element\" data-reassurance-increment=\"+35\">\r\n\t\t\t\t\t <h3>+35<\/h3>  \r\n\t\t\t\t\t <div class=\"reassurance-text\"> a\u00f1os presentes en los dep\u00f3sitos de nuestros clientes <\/div>  \r\n\t\t\t\t<\/div>\r\n\t\t\t<\/div>\r\n\t\t\t<div class=\"col-12 col-lg-3\">\r\n\t\t\t\t<div class=\"reassurance-element\" data-reassurance-increment=\"3M\">\r\n\t\t\t\t\t <h3>3M<\/h3>  \r\n\t\t\t\t\t <div class=\"reassurance-text\"> euros en cifra<br>negocio realizado en 2020 <\/div>  \r\n\t\t\t\t<\/div>\r\n\t\t\t<\/div>\r\n\t\t<\/div>\r\n\t\t\t<\/div>\r\n<\/div>\r\n\n\n<div class=\"cim-section\" style=\"background-image:url(http:\/\/sogema-engineering.com\/wp-content\/uploads\/2021\/03\/cim-projet.jpg);\">\r\n\t\t\t<div class=\"overlay\"><\/div>\r\n\t\t\t<div class=\"container\">\r\n\t\t<div class=\"row\">\r\n\t\t\t<div class=\"col-12 col-lg-6\">\r\n\t\t\t\t <h2>Oficina de Estudios<\/h2> \t\t\t\t <div class=\"text\">Con m\u00e1s de 40 a\u00f1os de experiencia en el dise\u00f1o de bienes de equipamiento para talleres de mantenimiento ferroviario, nuestra oficina de proyectos se encuentra entre las m\u00e1s avanzadas del sector.<\/div> \t\t\t\t\t\t\t\t\t<div class=\"cta\">\r\n\t\t\t\t\t\t<a href=\"https:\/\/sogema-engineering.com\/es\/cim-projet-360\/\"><strong>M\u00c1S INFORMACI\u00d3N SOBRE LA EMPRESA<\/strong><\/a>\r\n\t\t\t\t\t<\/div>\r\n\t\t\t\t\t\t\t\t<\/div>\r\n\t\t<\/div>\r\n\t<\/div>\r\n<\/div>\n\n\n<p><\/p>\n","protected":false},"excerpt":{"rendered":"","protected":false},"author":4,"featured_media":0,"parent":0,"menu_order":0,"comment_status":"closed","ping_status":"closed","template":"","meta":{"_acf_changed":false,"footnotes":""},"class_list":["post-1112","page","type-page","status-publish","hentry"],"acf":[],"_links":{"self":[{"href":"https:\/\/sogema-engineering.com\/es\/wp-json\/wp\/v2\/pages\/1112","targetHints":{"allow":["GET"]}}],"collection":[{"href":"https:\/\/sogema-engineering.com\/es\/wp-json\/wp\/v2\/pages"}],"about":[{"href":"https:\/\/sogema-engineering.com\/es\/wp-json\/wp\/v2\/types\/page"}],"author":[{"embeddable":true,"href":"https:\/\/sogema-engineering.com\/es\/wp-json\/wp\/v2\/users\/4"}],"replies":[{"embeddable":true,"href":"https:\/\/sogema-engineering.com\/es\/wp-json\/wp\/v2\/comments?post=1112"}],"version-history":[{"count":18,"href":"https:\/\/sogema-engineering.com\/es\/wp-json\/wp\/v2\/pages\/1112\/revisions"}],"predecessor-version":[{"id":3094,"href":"https:\/\/sogema-engineering.com\/es\/wp-json\/wp\/v2\/pages\/1112\/revisions\/3094"}],"wp:attachment":[{"href":"https:\/\/sogema-engineering.com\/es\/wp-json\/wp\/v2\/media?parent=1112"}],"curies":[{"name":"wp","href":"https:\/\/api.w.org\/{rel}","templated":true}]}}