{"id":1131,"date":"2020-10-14T15:34:21","date_gmt":"2020-10-14T13:34:21","guid":{"rendered":"http:\/\/sogema-engineering.com\/?page_id=1131"},"modified":"2021-12-27T09:45:41","modified_gmt":"2021-12-27T08:45:41","slug":"notre-gamme-de-produits","status":"publish","type":"page","link":"https:\/\/sogema-engineering.com\/es\/notre-gamme-de-produits\/","title":{"rendered":"Nuestra linea de productos"},"content":{"rendered":"\r\n<div class=\"cim-header\" style=\"background-image:url(http:\/\/sogema-engineering.com\/wp-content\/uploads\/2021\/10\/header-news-1-1.png);\">\r\n\t <div class=\"overlay\"><\/div> \t<div class=\"bottom-shape\"><\/div>\r\n\t<div class=\"container\">\r\n\t\t\t\t\t<div class=\"breadcrumb\">\r\n\t\t\t\t<ul>\r\n\t\t\t\t\t\t\t\t\t\t\t\t<li><a href=\"https:\/\/sogema-engineering.com\/es\/\">INICIO<\/a><\/li>\r\n\t\t\t\t\t\t\t\t\t\t\t\t<li><span>Nuestra linea de productos<\/span><\/li>\r\n\t\t\t\t\t\t\t\t\t\t<\/ul>\r\n\t\t\t<\/div>\r\n\t\t\r\n\t\t<div class=\"row\">\r\n\t\t\t<div class=\"col-12 col-lg-9\">\r\n\t\t\t\t<h1>Nuestra linea de productos<\/h1>\r\n\t\t\t<\/div>\r\n\t\t<\/div>\r\n\t<\/div>\r\n<\/div>\n\n\r\n<div class=\"summary-section no-summary\">\r\n\t<div class=\"container-fluid\">\r\n\t\t<div class=\"row\">\r\n\t\t\r\n            \r\n\t\t\t<div class=\"col-12 col-lg-12 h-100\">\r\n\t\t\t\t<div class=\"summary-section-content\">\r\n\t\t\t\t\t\n<div class=\"cim-columns\">\r\n\t<div class=\"container\">\r\n\t\t\t\t\r\n\t\t\r\n\t\t<div class=\"row\">\r\n\t\t\t\t\t\t\t<div class=\"col-12 col-lg-6\">\r\n\t\t\t\t\t<div class=\"element\">\r\n\t\t\t\t\t\t<img decoding=\"async\" src=\"http:\/\/sogema-engineering.com\/wp-content\/uploads\/2021\/10\/56060-assemblage-317x150-1.jpeg\" \/>\t\t\t\t\t\t<h3>Ensamblaje<\/h3>\t\t\t\t\t\t<div class=\"element-text\"><p>Prensa de cu\u00f1a y offset, banco de montaje de bogies.<\/p><\/div>\t\t\t\t\t\t\t\t\t\t\t\t\t<a href=\"https:\/\/sogema-engineering.com\/es\/estudios-y-concepcion\/(ouvre un nouvel onglet)\" class=\"cta\"> Para saber m\u00e1s<\/a>\r\n\t\t\t\t\t\t\t\t\t\t\t\t<\/div>\r\n\t\t\t\t<\/div>\r\n\t\t\t\t\t\t\t\t<div class=\"col-12 col-lg-6\">\r\n\t\t\t\t\t<div class=\"element\">\r\n\t\t\t\t\t\t<img decoding=\"async\" src=\"http:\/\/sogema-engineering.com\/wp-content\/uploads\/2021\/10\/45795-reprofilage-317x150-1.jpg\" \/>\t\t\t\t\t\t<h3>Reperfilado<\/h3>\t\t\t\t\t\t<div class=\"element-text\"><p>Torno de foso, W3M (marca registrada) \/ fresadora m\u00f3vil.<\/p><\/div>\t\t\t\t\t\t\t\t\t\t\t\t\t<a href=\"http:\/\/sogema-engineering.com\/reprofilage\" class=\"cta\"> Para saber m\u00e1s<\/a>\r\n\t\t\t\t\t\t\t\t\t\t\t\t<\/div>\r\n\t\t\t\t<\/div>\r\n\t\t\t\t\t\t\t\t<div class=\"col-12 col-lg-6\">\r\n\t\t\t\t\t<div class=\"element\">\r\n\t\t\t\t\t\t<img decoding=\"async\" src=\"http:\/\/sogema-engineering.com\/wp-content\/uploads\/2021\/10\/59027-control-317x150-1.jpg\" \/>\t\t\t\t\t\t<h3>Control \/ medici\u00f3n<\/h3>\t\t\t\t\t\t<div class=\"element-text\"><p>Banco de medici\u00f3n de ejes, Banco de calibraci\u00f3n de muelles de suspensi\u00f3n, Banco de calibraci\u00f3n de bogies.<\/p><\/div>\t\t\t\t\t\t\t\t\t\t\t\t\t<a href=\"https:\/\/sogema-engineering.com\/es\/controle-mesure\/\" class=\"cta\"> Para saber m\u00e1s<\/a>\r\n\t\t\t\t\t\t\t\t\t\t\t\t<\/div>\r\n\t\t\t\t<\/div>\r\n\t\t\t\t\t\t\t\t<div class=\"col-12 col-lg-6\">\r\n\t\t\t\t\t<div class=\"element\">\r\n\t\t\t\t\t\t<img decoding=\"async\" src=\"https:\/\/sogema-engineering.com\/wp-content\/uploads\/2021\/12\/3776879-20t-Jacks-PKP-Poland-petit-1.jpg\" \/>\t\t\t\t\t\t<h3>Elevaci\u00f3n y manipulaci\u00f3n<\/h3>\t\t\t\t\t\t<div class=\"element-text\"><p>Soportes elevadores para veh\u00edculos ferroviarios, Mesas elevadoras para depositar e instalar bogies y juegos de ruedas, Sistemas de manipulaci\u00f3n y dep\u00f3sito de motores, Plataformas giratorias, Transportadores.<\/p><\/div>\t\t\t\t\t\t\t\t\t\t\t\t\t<a href=\"https:\/\/sogema-engineering.com\/es\/lifting-handling\/\" class=\"cta\"> Para saber m\u00e1s <\/a>\r\n\t\t\t\t\t\t\t\t\t\t\t\t<\/div>\r\n\t\t\t\t<\/div>\r\n\t\t\t\t\t\t<\/div>\r\n\t<\/div>\r\n<\/div>\n\n\n<div class=\"wp-block-columns is-layout-flex wp-container-core-columns-is-layout-9d6595d7 wp-block-columns-is-layout-flex\">\n<div class=\"wp-block-column is-layout-flow wp-block-column-is-layout-flow\" style=\"flex-basis:15%\"><\/div>\n\n\n\n<div class=\"wp-block-column is-layout-flow wp-block-column-is-layout-flow\" style=\"flex-basis:70%\"><figure class=\"wp-block-post-featured-image\"><img loading=\"lazy\" decoding=\"async\" width=\"1988\" height=\"444\" src=\"https:\/\/sogema-engineering.com\/wp-content\/uploads\/2021\/10\/SEG-Bandeau-Internet-avec-Mechan-Rev01.png\" class=\"attachment-post-thumbnail size-post-thumbnail wp-post-image\" alt=\"\" style=\"object-fit:cover;\" srcset=\"https:\/\/sogema-engineering.com\/wp-content\/uploads\/2021\/10\/SEG-Bandeau-Internet-avec-Mechan-Rev01.png 1988w, https:\/\/sogema-engineering.com\/wp-content\/uploads\/2021\/10\/SEG-Bandeau-Internet-avec-Mechan-Rev01-300x67.png 300w, https:\/\/sogema-engineering.com\/wp-content\/uploads\/2021\/10\/SEG-Bandeau-Internet-avec-Mechan-Rev01-1024x229.png 1024w, https:\/\/sogema-engineering.com\/wp-content\/uploads\/2021\/10\/SEG-Bandeau-Internet-avec-Mechan-Rev01-768x172.png 768w, https:\/\/sogema-engineering.com\/wp-content\/uploads\/2021\/10\/SEG-Bandeau-Internet-avec-Mechan-Rev01-1536x343.png 1536w\" sizes=\"auto, (max-width: 1988px) 100vw, 1988px\" \/><\/figure><\/div>\n\n\n\n<div class=\"wp-block-column is-layout-flow wp-block-column-is-layout-flow\" style=\"flex-basis:15%\"><\/div>\n<\/div>\n\n\t\t\t\t<\/div>\r\n\t\t\t<\/div>\r\n\t\t<\/div>\r\n\t<\/div>\r\n<\/div>\r\n\n\n<div class=\"cim-section\" style=\"background-image:url(http:\/\/sogema-engineering.com\/wp-content\/uploads\/2020\/10\/cim-projet.jpg);\">\r\n\t\t\t<div class=\"overlay\"><\/div>\r\n\t\t\t<div class=\"container\">\r\n\t\t<div class=\"row\">\r\n\t\t\t<div class=\"col-12 col-lg-6\">\r\n\t\t\t\t <h2>Bureau d&#8217;\u00e9tudes<\/h2> \t\t\t\t <div class=\"text\">Fort de plus de 40 ans d\u2019exp\u00e9rience dans la conception de biens d\u2019\u00e9quipements pour les ateliers de maintenance ferroviaire, notre bureau d\u2019\u00e9tudes compte parmi les plus pointus du secteur.<\/div> \t\t\t\t\t\t\t\t\t<div class=\"cta\">\r\n\t\t\t\t\t\t<a href=\"http:\/\/sogema-engineering.com\/cim-projet-360\/\">En savoir plus<\/a>\r\n\t\t\t\t\t<\/div>\r\n\t\t\t\t\t\t\t\t<\/div>\r\n\t\t<\/div>\r\n\t<\/div>\r\n<\/div>","protected":false},"excerpt":{"rendered":"","protected":false},"author":5,"featured_media":2559,"parent":0,"menu_order":0,"comment_status":"closed","ping_status":"closed","template":"","meta":{"_acf_changed":false,"footnotes":""},"class_list":["post-1131","page","type-page","status-publish","has-post-thumbnail","hentry"],"acf":[],"yoast_head":"<!-- This site is optimized with the Yoast SEO plugin v27.5 - https:\/\/yoast.com\/product\/yoast-seo-wordpress\/ -->\n<title>Nuestra linea de productos - SEG<\/title>\n<meta name=\"robots\" content=\"index, follow, max-snippet:-1, max-image-preview:large, max-video-preview:-1\" \/>\n<link rel=\"canonical\" href=\"https:\/\/sogema-engineering.com\/es\/notre-gamme-de-produits\/\" \/>\n<meta property=\"og:locale\" content=\"es_ES\" \/>\n<meta property=\"og:type\" content=\"article\" \/>\n<meta property=\"og:title\" content=\"Nuestra linea de productos - SEG\" \/>\n<meta property=\"og:url\" content=\"https:\/\/sogema-engineering.com\/es\/notre-gamme-de-produits\/\" \/>\n<meta property=\"og:site_name\" content=\"SEG\" \/>\n<meta property=\"article:modified_time\" content=\"2021-12-27T08:45:41+00:00\" \/>\n<meta property=\"og:image\" content=\"https:\/\/sogema-engineering.com\/wp-content\/uploads\/2021\/10\/SEG-Bandeau-Internet-avec-Mechan-Rev01.png\" \/>\n\t<meta property=\"og:image:width\" content=\"1988\" \/>\n\t<meta property=\"og:image:height\" content=\"444\" \/>\n\t<meta property=\"og:image:type\" content=\"image\/png\" \/>\n<meta name=\"twitter:card\" content=\"summary_large_image\" \/>\n<script type=\"application\/ld+json\" class=\"yoast-schema-graph\">{\"@context\":\"https:\\\/\\\/schema.org\",\"@graph\":[{\"@type\":\"WebPage\",\"@id\":\"https:\\\/\\\/sogema-engineering.com\\\/es\\\/notre-gamme-de-produits\\\/\",\"url\":\"https:\\\/\\\/sogema-engineering.com\\\/es\\\/notre-gamme-de-produits\\\/\",\"name\":\"Nuestra linea de productos - SEG\",\"isPartOf\":{\"@id\":\"https:\\\/\\\/sogema-engineering.com\\\/es\\\/#website\"},\"primaryImageOfPage\":{\"@id\":\"https:\\\/\\\/sogema-engineering.com\\\/es\\\/notre-gamme-de-produits\\\/#primaryimage\"},\"image\":{\"@id\":\"https:\\\/\\\/sogema-engineering.com\\\/es\\\/notre-gamme-de-produits\\\/#primaryimage\"},\"thumbnailUrl\":\"https:\\\/\\\/sogema-engineering.com\\\/wp-content\\\/uploads\\\/2021\\\/10\\\/SEG-Bandeau-Internet-avec-Mechan-Rev01.png\",\"datePublished\":\"2020-10-14T13:34:21+00:00\",\"dateModified\":\"2021-12-27T08:45:41+00:00\",\"breadcrumb\":{\"@id\":\"https:\\\/\\\/sogema-engineering.com\\\/es\\\/notre-gamme-de-produits\\\/#breadcrumb\"},\"inLanguage\":\"es\",\"potentialAction\":[{\"@type\":\"ReadAction\",\"target\":[\"https:\\\/\\\/sogema-engineering.com\\\/es\\\/notre-gamme-de-produits\\\/\"]}]},{\"@type\":\"ImageObject\",\"inLanguage\":\"es\",\"@id\":\"https:\\\/\\\/sogema-engineering.com\\\/es\\\/notre-gamme-de-produits\\\/#primaryimage\",\"url\":\"https:\\\/\\\/sogema-engineering.com\\\/wp-content\\\/uploads\\\/2021\\\/10\\\/SEG-Bandeau-Internet-avec-Mechan-Rev01.png\",\"contentUrl\":\"https:\\\/\\\/sogema-engineering.com\\\/wp-content\\\/uploads\\\/2021\\\/10\\\/SEG-Bandeau-Internet-avec-Mechan-Rev01.png\",\"width\":1988,\"height\":444},{\"@type\":\"BreadcrumbList\",\"@id\":\"https:\\\/\\\/sogema-engineering.com\\\/es\\\/notre-gamme-de-produits\\\/#breadcrumb\",\"itemListElement\":[{\"@type\":\"ListItem\",\"position\":1,\"name\":\"Accueil\",\"item\":\"https:\\\/\\\/sogema-engineering.com\\\/es\\\/\"},{\"@type\":\"ListItem\",\"position\":2,\"name\":\"Nuestra linea de productos\"}]},{\"@type\":\"WebSite\",\"@id\":\"https:\\\/\\\/sogema-engineering.com\\\/es\\\/#website\",\"url\":\"https:\\\/\\\/sogema-engineering.com\\\/es\\\/\",\"name\":\"SEG\",\"description\":\"SEG - Sogema Engineering Expertise, Ing\u00e9nierie et solutions ferroviaires par Sogema.\",\"potentialAction\":[{\"@type\":\"SearchAction\",\"target\":{\"@type\":\"EntryPoint\",\"urlTemplate\":\"https:\\\/\\\/sogema-engineering.com\\\/es\\\/?s={search_term_string}\"},\"query-input\":{\"@type\":\"PropertyValueSpecification\",\"valueRequired\":true,\"valueName\":\"search_term_string\"}}],\"inLanguage\":\"es\"}]}<\/script>\n<!-- \/ Yoast SEO plugin. -->","yoast_head_json":{"title":"Nuestra linea de productos - SEG","robots":{"index":"index","follow":"follow","max-snippet":"max-snippet:-1","max-image-preview":"max-image-preview:large","max-video-preview":"max-video-preview:-1"},"canonical":"https:\/\/sogema-engineering.com\/es\/notre-gamme-de-produits\/","og_locale":"es_ES","og_type":"article","og_title":"Nuestra linea de productos - SEG","og_url":"https:\/\/sogema-engineering.com\/es\/notre-gamme-de-produits\/","og_site_name":"SEG","article_modified_time":"2021-12-27T08:45:41+00:00","og_image":[{"width":1988,"height":444,"url":"https:\/\/sogema-engineering.com\/wp-content\/uploads\/2021\/10\/SEG-Bandeau-Internet-avec-Mechan-Rev01.png","type":"image\/png"}],"twitter_card":"summary_large_image","schema":{"@context":"https:\/\/schema.org","@graph":[{"@type":"WebPage","@id":"https:\/\/sogema-engineering.com\/es\/notre-gamme-de-produits\/","url":"https:\/\/sogema-engineering.com\/es\/notre-gamme-de-produits\/","name":"Nuestra linea de productos - SEG","isPartOf":{"@id":"https:\/\/sogema-engineering.com\/es\/#website"},"primaryImageOfPage":{"@id":"https:\/\/sogema-engineering.com\/es\/notre-gamme-de-produits\/#primaryimage"},"image":{"@id":"https:\/\/sogema-engineering.com\/es\/notre-gamme-de-produits\/#primaryimage"},"thumbnailUrl":"https:\/\/sogema-engineering.com\/wp-content\/uploads\/2021\/10\/SEG-Bandeau-Internet-avec-Mechan-Rev01.png","datePublished":"2020-10-14T13:34:21+00:00","dateModified":"2021-12-27T08:45:41+00:00","breadcrumb":{"@id":"https:\/\/sogema-engineering.com\/es\/notre-gamme-de-produits\/#breadcrumb"},"inLanguage":"es","potentialAction":[{"@type":"ReadAction","target":["https:\/\/sogema-engineering.com\/es\/notre-gamme-de-produits\/"]}]},{"@type":"ImageObject","inLanguage":"es","@id":"https:\/\/sogema-engineering.com\/es\/notre-gamme-de-produits\/#primaryimage","url":"https:\/\/sogema-engineering.com\/wp-content\/uploads\/2021\/10\/SEG-Bandeau-Internet-avec-Mechan-Rev01.png","contentUrl":"https:\/\/sogema-engineering.com\/wp-content\/uploads\/2021\/10\/SEG-Bandeau-Internet-avec-Mechan-Rev01.png","width":1988,"height":444},{"@type":"BreadcrumbList","@id":"https:\/\/sogema-engineering.com\/es\/notre-gamme-de-produits\/#breadcrumb","itemListElement":[{"@type":"ListItem","position":1,"name":"Accueil","item":"https:\/\/sogema-engineering.com\/es\/"},{"@type":"ListItem","position":2,"name":"Nuestra linea de productos"}]},{"@type":"WebSite","@id":"https:\/\/sogema-engineering.com\/es\/#website","url":"https:\/\/sogema-engineering.com\/es\/","name":"SEG","description":"SEG - Sogema Engineering Expertise, Ing\u00e9nierie et solutions ferroviaires par Sogema.","potentialAction":[{"@type":"SearchAction","target":{"@type":"EntryPoint","urlTemplate":"https:\/\/sogema-engineering.com\/es\/?s={search_term_string}"},"query-input":{"@type":"PropertyValueSpecification","valueRequired":true,"valueName":"search_term_string"}}],"inLanguage":"es"}]}},"_links":{"self":[{"href":"https:\/\/sogema-engineering.com\/es\/wp-json\/wp\/v2\/pages\/1131","targetHints":{"allow":["GET"]}}],"collection":[{"href":"https:\/\/sogema-engineering.com\/es\/wp-json\/wp\/v2\/pages"}],"about":[{"href":"https:\/\/sogema-engineering.com\/es\/wp-json\/wp\/v2\/types\/page"}],"author":[{"embeddable":true,"href":"https:\/\/sogema-engineering.com\/es\/wp-json\/wp\/v2\/users\/5"}],"replies":[{"embeddable":true,"href":"https:\/\/sogema-engineering.com\/es\/wp-json\/wp\/v2\/comments?post=1131"}],"version-history":[{"count":11,"href":"https:\/\/sogema-engineering.com\/es\/wp-json\/wp\/v2\/pages\/1131\/revisions"}],"predecessor-version":[{"id":3929,"href":"https:\/\/sogema-engineering.com\/es\/wp-json\/wp\/v2\/pages\/1131\/revisions\/3929"}],"wp:featuredmedia":[{"embeddable":true,"href":"https:\/\/sogema-engineering.com\/es\/wp-json\/wp\/v2\/media\/2559"}],"wp:attachment":[{"href":"https:\/\/sogema-engineering.com\/es\/wp-json\/wp\/v2\/media?parent=1131"}],"curies":[{"name":"wp","href":"https:\/\/api.w.org\/{rel}","templated":true}]}}