{"id":1196,"date":"2020-02-20T09:22:39","date_gmt":"2020-02-20T08:22:39","guid":{"rendered":"http:\/\/sogema-engineering.com\/?page_id=1196"},"modified":"2021-11-17T14:14:08","modified_gmt":"2021-11-17T13:14:08","slug":"oficina-de-estudios","status":"publish","type":"page","link":"https:\/\/sogema-engineering.com\/es\/oficina-de-estudios\/","title":{"rendered":"Oficina de Estudios"},"content":{"rendered":"\r\n<div class=\"cim-header\" style=\"background-image:url(http:\/\/sogema-engineering.com\/wp-content\/uploads\/2021\/10\/header-news-1-1.png);\">\r\n\t\t<div class=\"bottom-shape\"><\/div>\r\n\t<div class=\"container\">\r\n\t\t\t\t\t<div class=\"breadcrumb\">\r\n\t\t\t\t<ul>\r\n\t\t\t\t\t\t\t\t\t\t\t\t<li><a href=\"https:\/\/sogema-engineering.com\/es\/\">INICIO<\/a><\/li>\r\n\t\t\t\t\t\t\t\t\t\t\t\t<li><span>Oficina de Estudios<\/span><\/li>\r\n\t\t\t\t\t\t\t\t\t\t<\/ul>\r\n\t\t\t<\/div>\r\n\t\t\r\n\t\t<div class=\"row\">\r\n\t\t\t<div class=\"col-12 col-lg-9\">\r\n\t\t\t\t<h1>Siempre tengo<br><strong>un tren<\/strong> por delante<\/h1>\r\n\t\t\t<\/div>\r\n\t\t<\/div>\r\n\t<\/div>\r\n<\/div>\n\n\n<div class=\"wp-block-columns is-layout-flex wp-container-core-columns-is-layout-9d6595d7 wp-block-columns-is-layout-flex\">\n<div class=\"wp-block-column is-layout-flow wp-block-column-is-layout-flow\" style=\"flex-basis:25%\"><\/div>\n\n\n\n<div class=\"wp-block-column is-layout-flow wp-block-column-is-layout-flow\" style=\"flex-basis:50%\"><div class=\"cim-intro\">\r\n\t<div class=\"container\">\r\n\t\t<span class=\"has-inline-color has-black-color\">Con m\u00e1s de 40 a\u00f1os de experiencia en el dise\u00f1o de bienes de equipamiento para talleres de mantenimiento ferroviario, nuestra oficina de proyectos se encuentra entre las m\u00e1s avanzadas del sector. Por lo tanto, los expertos en ingenier\u00eda de Sogema est\u00e1n desarrollando productos cada vez m\u00e1s innovadores para mantenerlo un paso por delante de las tecnolog\u00edas vigentes.<\/span>\t<\/div>\r\n<\/div>\n\n<div class=\"cim-colored-container red\" style=\"margin-top:30px;z-index:2;\">\r\n    <div class=\"colored-container-inner\">\r\n        \n<div class=\"simple-text \">\r\n\t\r\n\t<div class=\"container\">\r\n\t\t<div class=\"row\">\r\n\t\t\t<div class=\"col-1 decorator\"><\/div>\r\n\t\t\t<div class=\"col\">\r\n\t\t\t\t <h2><meta charset=\"utf-8\">Un equipo de <strong>expertos<\/strong><\/h2> \t\t\t\t <div class=\"text\"><p>Sogema Engineering cuenta con un eficiente equipo de I + D, cada a\u00f1o se lanza al mercado un nuevo producto. Es por eso que hoy somos la \u00fanica empresa en el mundo que presenta una gama completa de m\u00e1quinas destinadas principalmente al mantenimiento de bogies.<\/p><p>Nuestro equipo tambi\u00e9n es experto en asesorarlo en la mejora de su herramienta de producci\u00f3n.<\/p><\/div> \t\t\t\t<div class=\"ctas\">\r\n\t\t\t\t\t\t\t\t\t<\/div>\r\n\t\t\t<\/div>\r\n\t\t\t\r\n\t\t<\/div>\r\n\t<\/div>\r\n<\/div>\r\n\r\n\n    <\/div>\r\n<\/div>\r\n\n\n<div class=\"cim-colored-container dark-blue\" style=\"margin-top:-100px;z-index:2;--block-background-image:url(http:\/\/sogema-engineering.com\/wp-content\/uploads\/2021\/10\/104712-bureau-609x200-1.jpeg);\">\r\n    <div class=\"colored-container-inner\">\r\n        \n<div class=\"simple-text \">\r\n\t\r\n\t<div class=\"container\">\r\n\t\t<div class=\"row\">\r\n\t\t\t<div class=\"col-1 decorator\"><\/div>\r\n\t\t\t<div class=\"col\">\r\n\t\t\t\t <h2>Herramientas<br><strong>dise\u00f1ar y simular<\/strong><\/h2> \t\t\t\t <div class=\"text\"><p>La competencia de nuestro equipo tambi\u00e9n se basa en herramientas inform\u00e1ticas de \u00faltima generaci\u00f3n.<\/p><p>El software de c\u00e1lculo y dise\u00f1o 3D nos permite dise\u00f1ar el equipo que mejor se adapte a sus necesidades.<\/p><\/div> \t\t\t\t<div class=\"ctas\">\r\n\t\t\t\t\t\t\t\t\t<\/div>\r\n\t\t\t<\/div>\r\n\t\t\t\r\n\t\t<\/div>\r\n\t<\/div>\r\n<\/div>\r\n\r\n\n    <\/div>\r\n<\/div>\r\n<\/div>\n\n\n\n<div class=\"wp-block-column is-layout-flow wp-block-column-is-layout-flow\" style=\"flex-basis:25%\"><\/div>\n<\/div>\n","protected":false},"excerpt":{"rendered":"","protected":false},"author":1,"featured_media":0,"parent":0,"menu_order":0,"comment_status":"closed","ping_status":"closed","template":"","meta":{"_acf_changed":false,"footnotes":""},"class_list":["post-1196","page","type-page","status-publish","hentry"],"acf":[],"_links":{"self":[{"href":"https:\/\/sogema-engineering.com\/es\/wp-json\/wp\/v2\/pages\/1196","targetHints":{"allow":["GET"]}}],"collection":[{"href":"https:\/\/sogema-engineering.com\/es\/wp-json\/wp\/v2\/pages"}],"about":[{"href":"https:\/\/sogema-engineering.com\/es\/wp-json\/wp\/v2\/types\/page"}],"author":[{"embeddable":true,"href":"https:\/\/sogema-engineering.com\/es\/wp-json\/wp\/v2\/users\/1"}],"replies":[{"embeddable":true,"href":"https:\/\/sogema-engineering.com\/es\/wp-json\/wp\/v2\/comments?post=1196"}],"version-history":[{"count":3,"href":"https:\/\/sogema-engineering.com\/es\/wp-json\/wp\/v2\/pages\/1196\/revisions"}],"predecessor-version":[{"id":2718,"href":"https:\/\/sogema-engineering.com\/es\/wp-json\/wp\/v2\/pages\/1196\/revisions\/2718"}],"wp:attachment":[{"href":"https:\/\/sogema-engineering.com\/es\/wp-json\/wp\/v2\/media?parent=1196"}],"curies":[{"name":"wp","href":"https:\/\/api.w.org\/{rel}","templated":true}]}}