{"id":1445,"date":"2021-03-04T11:08:01","date_gmt":"2021-03-04T10:08:01","guid":{"rendered":"http:\/\/sogema-engineering.com\/?page_id=1445"},"modified":"2021-11-17T15:26:27","modified_gmt":"2021-11-17T14:26:27","slug":"servicios","status":"publish","type":"page","link":"https:\/\/sogema-engineering.com\/es\/servicios\/","title":{"rendered":"Servicios"},"content":{"rendered":"\n<p><\/p>\n\n\n\r\n<div class=\"cim-header\" style=\"background-image:url(https:\/\/sogema-engineering.com\/wp-content\/uploads\/2021\/10\/header-news-1-1.png);\">\r\n\t <div class=\"overlay\"><\/div> \t<div class=\"bottom-shape\"><\/div>\r\n\t<div class=\"container\">\r\n\t\t\t\t\t<div class=\"breadcrumb\">\r\n\t\t\t\t<ul>\r\n\t\t\t\t\t\t\t\t\t\t\t\t<li><a href=\"https:\/\/sogema-engineering.com\/es\/\">INICIO<\/a><\/li>\r\n\t\t\t\t\t\t\t\t\t\t\t\t<li><span>Servicios<\/span><\/li>\r\n\t\t\t\t\t\t\t\t\t\t<\/ul>\r\n\t\t\t<\/div>\r\n\t\t\r\n\t\t<div class=\"row\">\r\n\t\t\t<div class=\"col-12 col-lg-9\">\r\n\t\t\t\t<h1>Servicios<\/h1>\r\n\t\t\t<\/div>\r\n\t\t<\/div>\r\n\t<\/div>\r\n<\/div>\n\n\n<div class=\"wp-block-columns is-layout-flex wp-container-core-columns-is-layout-9d6595d7 wp-block-columns-is-layout-flex\">\n<div class=\"wp-block-column is-layout-flow wp-block-column-is-layout-flow\" style=\"flex-basis:20%\"><\/div>\n\n\n\n<div class=\"wp-block-column is-layout-flow wp-block-column-is-layout-flow\" style=\"flex-basis:60%\"><div class=\"cim-intro\">\r\n\t<div class=\"container\">\r\n\t\tLa satisfacci\u00f3n de nuestros clientes y socios est\u00e1 en el centro de nuestros compromisos. Por ello, CIM ofrece toda una serie de servicios a la carta disponibles en cada etapa de nuestra colaboraci\u00f3n.\t<\/div>\r\n<\/div>\n\n<div class=\"cim-columns\">\r\n\t<div class=\"container\">\r\n\t\t\t\t\r\n\t\t\r\n\t\t<div class=\"row\">\r\n\t\t\t\t\t\t\t<div class=\"col-12 col-lg-6\">\r\n\t\t\t\t\t<div class=\"element\">\r\n\t\t\t\t\t\t\t\t\t\t\t\t<h3>Mantenimiento<\/h3>\t\t\t\t\t\t<div class=\"element-text\"><p>Desde hace m\u00e1s de 35 a\u00f1os presente en los dep\u00f3sitos de nuestros clientes para todo tipo de equipos fabricados o no por SEG.<\/p><\/div>\t\t\t\t\t\t\t\t\t\t\t<\/div>\r\n\t\t\t\t<\/div>\r\n\t\t\t\t\t\t\t\t<div class=\"col-12 col-lg-6\">\r\n\t\t\t\t\t<div class=\"element\">\r\n\t\t\t\t\t\t\t\t\t\t\t\t<h3>Reparaci\u00f3n, revisi\u00f3n y modernizaci\u00f3n<\/h3>\t\t\t\t\t\t<div class=\"element-text\"><p>Nuestra experiencia reconocida por los mayores fabricantes y operadores ferroviarios de todo el mundo nos permite ofrecer soluciones adaptadas a todas las fases del ciclo de vida de los equipos de dep\u00f3sito estrat\u00e9gico, mejorando as\u00ed su rendimiento y vida \u00fatil. Tambi\u00e9n ofrecemos varias posibilidades para la Modernizaci\u00f3n de prensas hidr\u00e1ulicas y tornos de fosa.<\/p><\/div>\t\t\t\t\t\t\t\t\t\t\t<\/div>\r\n\t\t\t\t<\/div>\r\n\t\t\t\t\t\t\t\t<div class=\"col-12 col-lg-6\">\r\n\t\t\t\t\t<div class=\"element\">\r\n\t\t\t\t\t\t\t\t\t\t\t\t<h3>Experticia<\/h3>\t\t\t\t\t\t<div class=\"element-text\"><p>Bas\u00e1ndose en su experiencia como fabricante y mantenedor de equipos originales, SEG ha desarrollado una cartera de ofertas de soporte. Estos servicios pueden cubrir cualquier necesidad adicional del cliente como la formaci\u00f3n de los agentes de mantenimiento, el apoyo a la Ingenier\u00eda de Mantenimiento y la incorporaci\u00f3n de los \u00faltimos avances tecnol\u00f3gicos.<\/p><\/div>\t\t\t\t\t\t\t\t\t\t\t<\/div>\r\n\t\t\t\t<\/div>\r\n\t\t\t\t\t\t\t\t<div class=\"col-12 col-lg-6\">\r\n\t\t\t\t\t<div class=\"element\">\r\n\t\t\t\t\t\t\t\t\t\t\t\t<h3>Piezas de repuesto<\/h3>\t\t\t\t\t\t<div class=\"element-text\"><p>Gracias a su experiencia como fabricante de equipos originales, SEG proporciona a los operadores y mantenedores su cat\u00e1logo de repuestos y su experiencia en ingenier\u00eda.<\/p><\/div>\t\t\t\t\t\t\t\t\t\t\t<\/div>\r\n\t\t\t\t<\/div>\r\n\t\t\t\t\t\t<\/div>\r\n\t<\/div>\r\n<\/div>\n\n\n<figure class=\"wp-block-image size-full is-resized\"><img loading=\"lazy\" decoding=\"async\" src=\"https:\/\/sogema-engineering.com\/wp-content\/uploads\/2021\/11\/sogema-services.jpg\" alt=\"\" class=\"wp-image-3165\" width=\"917\" height=\"409\" srcset=\"https:\/\/sogema-engineering.com\/wp-content\/uploads\/2021\/11\/sogema-services.jpg 772w, https:\/\/sogema-engineering.com\/wp-content\/uploads\/2021\/11\/sogema-services-300x134.jpg 300w, https:\/\/sogema-engineering.com\/wp-content\/uploads\/2021\/11\/sogema-services-768x342.jpg 768w\" sizes=\"auto, (max-width: 917px) 100vw, 917px\" \/><\/figure>\n<\/div>\n\n\n\n<div class=\"wp-block-column is-layout-flow wp-block-column-is-layout-flow\" style=\"flex-basis:20%\"><\/div>\n<\/div>\n\n\n<div class=\"cim-section\" style=\"background-image:url(http:\/\/sogema-engineering.com\/wp-content\/uploads\/2021\/03\/cim-projet.jpg);\">\r\n\t\t\t<div class=\"overlay\"><\/div>\r\n\t\t\t<div class=\"container\">\r\n\t\t<div class=\"row\">\r\n\t\t\t<div class=\"col-12 col-lg-6\">\r\n\t\t\t\t <h2>Oficina de Estudios<\/h2> \t\t\t\t <div class=\"text\">Con m\u00e1s de 40 a\u00f1os de experiencia en el dise\u00f1o de bienes de equipamiento para talleres de mantenimiento ferroviario, nuestra oficina de proyectos se encuentra entre las m\u00e1s avanzadas del sector.<\/div> \t\t\t\t\t\t\t\t\t<div class=\"cta\">\r\n\t\t\t\t\t\t<a href=\"https:\/\/sogema-engineering.com\/es\/cim-projet-360\/\"><strong>M\u00c1S INFORMACI\u00d3N SOBRE LA EMPRESA<\/strong><\/a>\r\n\t\t\t\t\t<\/div>\r\n\t\t\t\t\t\t\t\t<\/div>\r\n\t\t<\/div>\r\n\t<\/div>\r\n<\/div>","protected":false},"excerpt":{"rendered":"","protected":false},"author":5,"featured_media":0,"parent":0,"menu_order":0,"comment_status":"closed","ping_status":"closed","template":"","meta":{"_acf_changed":false,"footnotes":""},"class_list":["post-1445","page","type-page","status-publish","hentry"],"acf":[],"_links":{"self":[{"href":"https:\/\/sogema-engineering.com\/es\/wp-json\/wp\/v2\/pages\/1445","targetHints":{"allow":["GET"]}}],"collection":[{"href":"https:\/\/sogema-engineering.com\/es\/wp-json\/wp\/v2\/pages"}],"about":[{"href":"https:\/\/sogema-engineering.com\/es\/wp-json\/wp\/v2\/types\/page"}],"author":[{"embeddable":true,"href":"https:\/\/sogema-engineering.com\/es\/wp-json\/wp\/v2\/users\/5"}],"replies":[{"embeddable":true,"href":"https:\/\/sogema-engineering.com\/es\/wp-json\/wp\/v2\/comments?post=1445"}],"version-history":[{"count":5,"href":"https:\/\/sogema-engineering.com\/es\/wp-json\/wp\/v2\/pages\/1445\/revisions"}],"predecessor-version":[{"id":3181,"href":"https:\/\/sogema-engineering.com\/es\/wp-json\/wp\/v2\/pages\/1445\/revisions\/3181"}],"wp:attachment":[{"href":"https:\/\/sogema-engineering.com\/es\/wp-json\/wp\/v2\/media?parent=1445"}],"curies":[{"name":"wp","href":"https:\/\/api.w.org\/{rel}","templated":true}]}}