{"id":2088,"date":"2021-09-13T18:18:24","date_gmt":"2021-09-13T16:18:24","guid":{"rendered":"http:\/\/sogema-engineering.com\/une-presence-internationale\/"},"modified":"2021-12-27T10:04:08","modified_gmt":"2021-12-27T09:04:08","slug":"una-presencia-internacional","status":"publish","type":"page","link":"https:\/\/sogema-engineering.com\/es\/una-presencia-internacional\/","title":{"rendered":"Una presencia internacional"},"content":{"rendered":"<div class=\"cim-intro\">\r\n\t<div class=\"container\">\r\n\t\tDespu\u00e9s de m\u00e1s de 40 a\u00f1os de existencia, Sogema Engineering se beneficia ahora de los conocimientos y la experiencia reconocidos en todo el mundo. Presentes en m\u00e1s de cuarenta pa\u00edses, apoyamos a nuestros clientes en el desarrollo constante de sus herramientas de producci\u00f3n o mantenimiento.\t<\/div>\r\n<\/div>\n\n\n<div class=\"wp-block-image\"><figure class=\"aligncenter size-large\"><img loading=\"lazy\" decoding=\"async\" width=\"1024\" height=\"586\" src=\"https:\/\/sogema-engineering.com\/wp-content\/uploads\/2021\/11\/CARTE2018-AVEC-TEXTES1-1-1024x586.jpeg\" alt=\"\" class=\"wp-image-3419\" srcset=\"https:\/\/sogema-engineering.com\/wp-content\/uploads\/2021\/11\/CARTE2018-AVEC-TEXTES1-1-1024x586.jpeg 1024w, https:\/\/sogema-engineering.com\/wp-content\/uploads\/2021\/11\/CARTE2018-AVEC-TEXTES1-1-300x172.jpeg 300w, https:\/\/sogema-engineering.com\/wp-content\/uploads\/2021\/11\/CARTE2018-AVEC-TEXTES1-1-768x440.jpeg 768w, https:\/\/sogema-engineering.com\/wp-content\/uploads\/2021\/11\/CARTE2018-AVEC-TEXTES1-1-1536x879.jpeg 1536w, https:\/\/sogema-engineering.com\/wp-content\/uploads\/2021\/11\/CARTE2018-AVEC-TEXTES1-1-2048x1172.jpeg 2048w\" sizes=\"auto, (max-width: 1024px) 100vw, 1024px\" \/><\/figure><\/div>\n","protected":false},"excerpt":{"rendered":"","protected":false},"author":5,"featured_media":0,"parent":0,"menu_order":0,"comment_status":"closed","ping_status":"closed","template":"","meta":{"_acf_changed":false,"footnotes":""},"class_list":["post-2088","page","type-page","status-publish","hentry"],"acf":[],"_links":{"self":[{"href":"https:\/\/sogema-engineering.com\/es\/wp-json\/wp\/v2\/pages\/2088","targetHints":{"allow":["GET"]}}],"collection":[{"href":"https:\/\/sogema-engineering.com\/es\/wp-json\/wp\/v2\/pages"}],"about":[{"href":"https:\/\/sogema-engineering.com\/es\/wp-json\/wp\/v2\/types\/page"}],"author":[{"embeddable":true,"href":"https:\/\/sogema-engineering.com\/es\/wp-json\/wp\/v2\/users\/5"}],"replies":[{"embeddable":true,"href":"https:\/\/sogema-engineering.com\/es\/wp-json\/wp\/v2\/comments?post=2088"}],"version-history":[{"count":3,"href":"https:\/\/sogema-engineering.com\/es\/wp-json\/wp\/v2\/pages\/2088\/revisions"}],"predecessor-version":[{"id":3934,"href":"https:\/\/sogema-engineering.com\/es\/wp-json\/wp\/v2\/pages\/2088\/revisions\/3934"}],"wp:attachment":[{"href":"https:\/\/sogema-engineering.com\/es\/wp-json\/wp\/v2\/media?parent=2088"}],"curies":[{"name":"wp","href":"https:\/\/api.w.org\/{rel}","templated":true}]}}