{"id":2768,"date":"2021-10-20T14:15:04","date_gmt":"2021-10-20T12:15:04","guid":{"rendered":"http:\/\/sogema-engineering.com\/production\/"},"modified":"2021-11-17T14:15:22","modified_gmt":"2021-11-17T13:15:22","slug":"produccion","status":"publish","type":"page","link":"https:\/\/sogema-engineering.com\/es\/produccion\/","title":{"rendered":"Producci\u00f3n"},"content":{"rendered":"\r\n<div class=\"cim-header\" style=\"background-image:url(http:\/\/sogema-engineering.com\/wp-content\/uploads\/2021\/10\/header-news-1-1.png);\">\r\n\t\t<div class=\"bottom-shape\"><\/div>\r\n\t<div class=\"container\">\r\n\t\t\t\t\t<div class=\"breadcrumb\">\r\n\t\t\t\t<ul>\r\n\t\t\t\t\t\t\t\t\t\t\t\t<li><a href=\"https:\/\/sogema-engineering.com\/es\/\">INICIO<\/a><\/li>\r\n\t\t\t\t\t\t\t\t\t\t\t\t<li><span>Producci\u00f3n<\/span><\/li>\r\n\t\t\t\t\t\t\t\t\t\t<\/ul>\r\n\t\t\t<\/div>\r\n\t\t\r\n\t\t<div class=\"row\">\r\n\t\t\t<div class=\"col-12 col-lg-9\">\r\n\t\t\t\t<h1>Sogema Engineering produce equipos de mantenimiento ferroviario de calidad garantizando un proceso de fabricaci\u00f3n de la A a la Z.<\/h1>\r\n\t\t\t<\/div>\r\n\t\t<\/div>\r\n\t<\/div>\r\n<\/div>\n\n\n<div class=\"wp-block-columns is-layout-flex wp-container-core-columns-is-layout-9d6595d7 wp-block-columns-is-layout-flex\">\n<div class=\"wp-block-column is-layout-flow wp-block-column-is-layout-flow\" style=\"flex-basis:15%\"><\/div>\n\n\n\n<div class=\"wp-block-column is-layout-flow wp-block-column-is-layout-flow\" style=\"flex-basis:70%\"><div class=\"cim-intro\">\r\n\t<div class=\"container\">\r\n\t\tSogema Engineering se especializa en la producci\u00f3n de bancos de prueba, equipos de prueba, prensas hidr\u00e1ulicas y sistemas hidr\u00e1ulicos.<br>Grandes grupos del sector ferroviario conf\u00edan en nosotros.\t<\/div>\r\n<\/div>\n\n\n<div class=\"wp-block-media-text alignwide is-stacked-on-mobile\"><figure class=\"wp-block-media-text__media\"><img loading=\"lazy\" decoding=\"async\" width=\"609\" height=\"200\" src=\"http:\/\/sogema-engineering.com\/wp-content\/uploads\/2021\/10\/164656-production-609x200-6.jpg\" alt=\"\" class=\"wp-image-2739 size-full\" srcset=\"https:\/\/sogema-engineering.com\/wp-content\/uploads\/2021\/10\/164656-production-609x200-6.jpg 609w, https:\/\/sogema-engineering.com\/wp-content\/uploads\/2021\/10\/164656-production-609x200-6-300x99.jpg 300w\" sizes=\"auto, (max-width: 609px) 100vw, 609px\" \/><\/figure><div class=\"wp-block-media-text__content\">\n<h3 class=\"wp-block-heading\"><strong>El dominio de las tecnolog\u00edas est\u00e1 integrado en el ciclo de dise\u00f1o:<\/strong> <\/h3>\n\n\n<div class=\"cim-simple-list  bullet-red\">\r\n    <ul>\r\n        <li>Mec\u00e1nico<\/li><li>Electricidad, automatizaci\u00f3n<\/li><li>Hidr\u00e1ulico<\/li><li>C\u00e1lculos de elementos finitos<\/li><li>Inform\u00e1tica Industrial<\/li><li>Esclavitud<\/li>    <\/ul>\r\n<\/div>\r\n<\/div><\/div>\n<\/div>\n\n\n\n<div class=\"wp-block-column is-layout-flow wp-block-column-is-layout-flow\" style=\"flex-basis:15%\"><\/div>\n<\/div>\n","protected":false},"excerpt":{"rendered":"<p>El dominio de las tecnolog\u00edas est\u00e1 integrado en el ciclo de dise\u00f1o:<\/p>\n","protected":false},"author":5,"featured_media":0,"parent":0,"menu_order":0,"comment_status":"closed","ping_status":"closed","template":"","meta":{"_acf_changed":false,"footnotes":""},"class_list":["post-2768","page","type-page","status-publish","hentry"],"acf":[],"_links":{"self":[{"href":"https:\/\/sogema-engineering.com\/es\/wp-json\/wp\/v2\/pages\/2768","targetHints":{"allow":["GET"]}}],"collection":[{"href":"https:\/\/sogema-engineering.com\/es\/wp-json\/wp\/v2\/pages"}],"about":[{"href":"https:\/\/sogema-engineering.com\/es\/wp-json\/wp\/v2\/types\/page"}],"author":[{"embeddable":true,"href":"https:\/\/sogema-engineering.com\/es\/wp-json\/wp\/v2\/users\/5"}],"replies":[{"embeddable":true,"href":"https:\/\/sogema-engineering.com\/es\/wp-json\/wp\/v2\/comments?post=2768"}],"version-history":[{"count":4,"href":"https:\/\/sogema-engineering.com\/es\/wp-json\/wp\/v2\/pages\/2768\/revisions"}],"predecessor-version":[{"id":2813,"href":"https:\/\/sogema-engineering.com\/es\/wp-json\/wp\/v2\/pages\/2768\/revisions\/2813"}],"wp:attachment":[{"href":"https:\/\/sogema-engineering.com\/es\/wp-json\/wp\/v2\/media?parent=2768"}],"curies":[{"name":"wp","href":"https:\/\/api.w.org\/{rel}","templated":true}]}}