{"id":2824,"date":"2021-10-19T10:53:35","date_gmt":"2021-10-19T08:53:35","guid":{"rendered":"http:\/\/sogema-engineering.com\/engagement-de-qualite\/"},"modified":"2021-11-17T14:16:36","modified_gmt":"2021-11-17T13:16:36","slug":"compromiso-con-la-calidad","status":"publish","type":"page","link":"https:\/\/sogema-engineering.com\/es\/compromiso-con-la-calidad\/","title":{"rendered":"Compromiso con la calidad"},"content":{"rendered":"\r\n<div class=\"cim-header\" style=\"background-image:url(http:\/\/sogema-engineering.com\/wp-content\/uploads\/2021\/10\/header-news-1-1.png);\">\r\n\t\t<div class=\"bottom-shape\"><\/div>\r\n\t<div class=\"container\">\r\n\t\t\t\t\t<div class=\"breadcrumb\">\r\n\t\t\t\t<ul>\r\n\t\t\t\t\t\t\t\t\t\t\t\t<li><a href=\"https:\/\/sogema-engineering.com\/es\/\">INICIO<\/a><\/li>\r\n\t\t\t\t\t\t\t\t\t\t\t\t<li><span>Compromiso con la calidad<\/span><\/li>\r\n\t\t\t\t\t\t\t\t\t\t<\/ul>\r\n\t\t\t<\/div>\r\n\t\t\r\n\t\t<div class=\"row\">\r\n\t\t\t<div class=\"col-12 col-lg-9\">\r\n\t\t\t\t<h1>Calidad, nuestra se\u00f1a de identidad<\/h1>\r\n\t\t\t<\/div>\r\n\t\t<\/div>\r\n\t<\/div>\r\n<\/div>\n\n\r\n<div class=\"summary-section \">\r\n\t<div class=\"container-fluid\">\r\n\t\t<div class=\"row\">\r\n\t\t\r\n                            <div class=\"col-12 col-lg-3 h-100\">\r\n                    <div class=\"summary\">\r\n                        <div class=\"top-shape\"><\/div>\r\n                            <ul>\r\n\t\t\t\t\t\t\t\t\r\n                                                                    <li><a href=\"#los-ejes-de-la-certificacion\">Los ejes de la certificaci\u00f3n<\/a><\/li>\r\n                                                                        <li><a href=\"#una-organizacion-interna-dedicada\">Una organizaci\u00f3n interna dedicada<\/a><\/li>\r\n                                                                        <li><a href=\"#nuestro-compromiso-social-y-medioambiental\">Nuestro compromiso social y medioambiental<\/a><\/li>\r\n                                                                <\/ul>\r\n                    <\/div>\r\n                <\/div>\r\n                \r\n\t\t\t<div class=\"col-12 col-lg-9 h-100\">\r\n\t\t\t\t<div class=\"summary-section-content\">\r\n\t\t\t\t\t\n<div class=\"cim-intro\">\r\n\t<div class=\"container\">\r\n\t\tCon certificaci\u00f3n ISO 9001 desde hace muchos a\u00f1os, Sogema Ingenier\u00eda (SEG) ha puesto en marcha un sistema de gesti\u00f3n de la calidad (SGC) que le permite garantizar el cumplimiento de los requisitos de sus clientes. SEG cuenta con la certificaci\u00f3n ISO 9001 Versi\u00f3n 2015 desde enero de 2017. Un enfoque s\u00f3lido que tiene como objetivo dise\u00f1ar y fabricar, a tiempo, que cumplan con las normas, dispositivos de seguridad cualitativos y competitivos.\t<\/div>\r\n<\/div>\n\n\n<p>La certificaci\u00f3n ISO 9001 versi\u00f3n 2015 se aplica a las siguientes \u00e1reas:<br>Dise\u00f1o, Fabricaci\u00f3n, Comercializaci\u00f3n, Instalaci\u00f3n, Mantenimiento y Reacondicionamiento de M\u00e1quinas Especiales (m\u00e1quinas completas o subconjuntos de m\u00e1quinas) y Componentes de M\u00e1quinas.<\/p>\n\n\n<div class=\"simple-text \">\r\n\t\r\n\t<div class=\"container\">\r\n\t\t<div class=\"row\">\r\n\t\t\t<div class=\"col-1 decorator\"><\/div>\r\n\t\t\t<div class=\"col\">\r\n\t\t\t\t <h2 id=\"los-ejes-de-la-certificacion\">Los ejes de la certificaci\u00f3n<\/h2> \t\t\t\t <div class=\"text\"><p>La pol\u00edtica de Calidad de SOGEMA gira en torno a varios ejes importantes:<\/p><\/div> \t\t\t\t<div class=\"ctas\">\r\n\t\t\t\t\t\t\t\t\t<\/div>\r\n\t\t\t<\/div>\r\n\t\t\t\r\n\t\t<\/div>\r\n\t<\/div>\r\n<\/div>\r\n\r\n\n\n<div class=\"cim-list-icn\">\r\n\t<div class=\"container\">\r\n\t\t\t\t\r\n\t\t<div class=\"elements\">\r\n\t\t\t\t\t\t\t\t<div class=\"element\">\r\n\t\t\t\t\t\t<div class=\"row\">\r\n\t\t\t\t\t\t\t<div class=\"col-1\">\r\n\t\t\t\t\t\t\t\t\t\t\t\t\t\t\t\t\t<img decoding=\"async\" src=\"http:\/\/sogema-engineering.com\/wp-content\/uploads\/2021\/10\/icn-house-key-w.svg\">\r\n\t\t\t\t\t\t\t\t\t\t\t\t\t\t\t\t<\/div>\r\n\t\t\t\t\t\t\t<div class=\"col-11\">\r\n\t\t\t\t\t\t\t\t<h3>Despliegue de metodolog\u00edas de gesti\u00f3n de proyectos y mejora continua de la calidad,<\/h3>\t\t\t\t\t\t\t\t<p><\/p>\t\t\t\t\t\t\t<\/div>\r\n\t\t\t\t\t\t<\/div>\r\n\t\t\t\t\t<\/div>\r\n\t\t\t\t\t\t\t\t\t\t<div class=\"element\">\r\n\t\t\t\t\t\t<div class=\"row\">\r\n\t\t\t\t\t\t\t<div class=\"col-1\">\r\n\t\t\t\t\t\t\t\t\t\t\t\t\t\t\t\t\t<img decoding=\"async\" src=\"http:\/\/sogema-engineering.com\/wp-content\/uploads\/2021\/10\/icn-sketch-w.svg\">\r\n\t\t\t\t\t\t\t\t\t\t\t\t\t\t\t\t<\/div>\r\n\t\t\t\t\t\t\t<div class=\"col-11\">\r\n\t\t\t\t\t\t\t\t<h3>El desarrollo y la participaci\u00f3n del personal en todos los niveles mediante la promoci\u00f3n de la iniciativa, la responsabilidad y la comunicaci\u00f3n,<\/h3>\t\t\t\t\t\t\t\t\t\t\t\t\t\t\t<\/div>\r\n\t\t\t\t\t\t<\/div>\r\n\t\t\t\t\t<\/div>\r\n\t\t\t\t\t\t\t\t\t\t<div class=\"element\">\r\n\t\t\t\t\t\t<div class=\"row\">\r\n\t\t\t\t\t\t\t<div class=\"col-1\">\r\n\t\t\t\t\t\t\t\t\t\t\t\t\t\t\t\t\t<img decoding=\"async\" src=\"http:\/\/sogema-engineering.com\/wp-content\/uploads\/2021\/10\/icn-browser.svg\">\r\n\t\t\t\t\t\t\t\t\t\t\t\t\t\t\t\t<\/div>\r\n\t\t\t\t\t\t\t<div class=\"col-11\">\r\n\t\t\t\t\t\t\t\t<h3>Mejora de la seguridad laboral movilizando a todos y estableciendo an\u00e1lisis y acciones preventivas adecuadas,<\/h3>\t\t\t\t\t\t\t\t\t\t\t\t\t\t\t<\/div>\r\n\t\t\t\t\t\t<\/div>\r\n\t\t\t\t\t<\/div>\r\n\t\t\t\t\t\t\t\t\t\t<div class=\"element\">\r\n\t\t\t\t\t\t<div class=\"row\">\r\n\t\t\t\t\t\t\t<div class=\"col-1\">\r\n\t\t\t\t\t\t\t\t\t\t\t\t\t\t\t\t\t<img decoding=\"async\" src=\"http:\/\/sogema-engineering.com\/wp-content\/uploads\/2021\/10\/icn-location-red.svg\">\r\n\t\t\t\t\t\t\t\t\t\t\t\t\t\t\t\t<\/div>\r\n\t\t\t\t\t\t\t<div class=\"col-11\">\r\n\t\t\t\t\t\t\t\t<h3>Medici\u00f3n del desempe\u00f1o de nuestros procesos a trav\u00e9s de objetivos identificados para llevar a cabo la estrategia, asegurando el cumplimiento de los requisitos normativos, regulatorios y legales,<\/h3>\t\t\t\t\t\t\t\t\t\t\t\t\t\t\t<\/div>\r\n\t\t\t\t\t\t<\/div>\r\n\t\t\t\t\t<\/div>\r\n\t\t\t\t\t\t\t\t\t\t<div class=\"element\">\r\n\t\t\t\t\t\t<div class=\"row\">\r\n\t\t\t\t\t\t\t<div class=\"col-1\">\r\n\t\t\t\t\t\t\t\t\t\t\t\t\t\t\t\t\t<img decoding=\"async\" src=\"http:\/\/sogema-engineering.com\/wp-content\/uploads\/2021\/10\/icn-train-station.svg\">\r\n\t\t\t\t\t\t\t\t\t\t\t\t\t\t\t\t<\/div>\r\n\t\t\t\t\t\t\t<div class=\"col-11\">\r\n\t\t\t\t\t\t\t\t<h3>Escuchar y comprender las necesidades de las partes interesadas desde los primeros borradores conceptuales en respuesta a una fase de convocatoria de licitaci\u00f3n con el fin de atender sus requerimientos y brindarles los productos y \/ o servicios que esperan,<\/h3>\t\t\t\t\t\t\t\t\t\t\t\t\t\t\t<\/div>\r\n\t\t\t\t\t\t<\/div>\r\n\t\t\t\t\t<\/div>\r\n\t\t\t\t\t\t\t\t\t\t<div class=\"element\">\r\n\t\t\t\t\t\t<div class=\"row\">\r\n\t\t\t\t\t\t\t<div class=\"col-1\">\r\n\t\t\t\t\t\t\t\t\t\t\t\t\t\t\t\t\t<img decoding=\"async\" src=\"http:\/\/sogema-engineering.com\/wp-content\/uploads\/2021\/10\/icn-implement.svg\">\r\n\t\t\t\t\t\t\t\t\t\t\t\t\t\t\t\t<\/div>\r\n\t\t\t\t\t\t\t<div class=\"col-11\">\r\n\t\t\t\t\t\t\t\t<h3>Desarrollo de la satisfacci\u00f3n del cliente.<\/h3>\t\t\t\t\t\t\t\t\t\t\t\t\t\t\t<\/div>\r\n\t\t\t\t\t\t<\/div>\r\n\t\t\t\t\t<\/div>\r\n\t\t\t\t\t\t\t<\/div>\r\n\t<\/div>\r\n<\/div>\n\n\n<p>Adem\u00e1s de este enfoque interno, SEG presta especial atenci\u00f3n a la elecci\u00f3n de proveedores reconocidos por su know-how.<\/p>\n\n\n<div class=\"simple-text bg-red\">\r\n\t\r\n\t<div class=\"container\">\r\n\t\t<div class=\"row\">\r\n\t\t\t<div class=\"col-1 decorator\"><\/div>\r\n\t\t\t<div class=\"col\">\r\n\t\t\t\t <h2 id=\"una-organizacion-interna-dedicada\">Una organizaci\u00f3n interna dedicada<\/h2> \t\t\t\t <div class=\"text\"><p>El gerente de calidad, adscrito a la direcci\u00f3n general de SEG, tiene la autoridad necesaria para asegurar que se mantenga nuestra certificaci\u00f3n. Es el responsable de velar por el correcto funcionamiento de este sistema de gesti\u00f3n y de revisarlo peri\u00f3dicamente con la direcci\u00f3n y los distintos departamentos para desarrollar la mejora continua dentro de SEG.<\/p><p>\u00a1La calidad es una cuesti\u00f3n de confianza entre SEG y sus clientes!<\/p><\/div> \t\t\t\t<div class=\"ctas\">\r\n\t\t\t\t\t\t\t\t\t<\/div>\r\n\t\t\t<\/div>\r\n\t\t\t\r\n\t\t<\/div>\r\n\t<\/div>\r\n<\/div>\r\n\r\n\n\n<div class=\"simple-text \">\r\n\t\r\n\t<div class=\"container\">\r\n\t\t<div class=\"row\">\r\n\t\t\t<div class=\"col-1 decorator\"><\/div>\r\n\t\t\t<div class=\"col\">\r\n\t\t\t\t <h2 id=\"nuestro-compromiso-social-y-medioambiental\">Nuestro compromiso social y medioambiental<\/h2> \t\t\t\t <div class=\"text\"><p>Como novedad para 2017, nos hemos suscrito a la etiqueta ECOVADIS que se centra en 3 \u00e1reas principales: ecolog\u00eda, c\u00f3digo de \u00e9tica, seguridad de los empleados.<\/p><p>ECOVADIS es una plataforma de calificaci\u00f3n de desarrollo sostenible. Esta plataforma centra sus resultados en el desempe\u00f1o social y ambiental de las empresas.<\/p><p>Esta plataforma colaborativa (francesa), utilizada desde 2007 por 30.000 clientes en 110 pa\u00edses, se ha consolidado como l\u00edder esencial en las calificaciones de responsabilidad social corporativa (RSC).<\/p><p>SEG obtuvo la etiqueta PLATA<\/p><\/div> \t\t\t\t<div class=\"ctas\">\r\n\t\t\t\t\t\t\t\t\t<\/div>\r\n\t\t\t<\/div>\r\n\t\t\t\r\n\t\t<\/div>\r\n\t<\/div>\r\n<\/div>\r\n\r\n\n\t\t\t\t<\/div>\r\n\t\t\t<\/div>\r\n\t\t<\/div>\r\n\t<\/div>\r\n<\/div>\r\n","protected":false},"excerpt":{"rendered":"","protected":false},"author":5,"featured_media":0,"parent":0,"menu_order":0,"comment_status":"closed","ping_status":"closed","template":"","meta":{"_acf_changed":false,"footnotes":""},"class_list":["post-2824","page","type-page","status-publish","hentry"],"acf":[],"yoast_head":"<!-- This site is optimized with the Yoast SEO plugin v27.5 - https:\/\/yoast.com\/product\/yoast-seo-wordpress\/ -->\n<title>Compromiso con la calidad - SEG<\/title>\n<meta name=\"robots\" content=\"index, follow, max-snippet:-1, max-image-preview:large, max-video-preview:-1\" \/>\n<link rel=\"canonical\" href=\"https:\/\/sogema-engineering.com\/es\/compromiso-con-la-calidad\/\" \/>\n<meta property=\"og:locale\" content=\"es_ES\" \/>\n<meta property=\"og:type\" content=\"article\" \/>\n<meta property=\"og:title\" content=\"Compromiso con la calidad - SEG\" \/>\n<meta property=\"og:url\" content=\"https:\/\/sogema-engineering.com\/es\/compromiso-con-la-calidad\/\" \/>\n<meta property=\"og:site_name\" content=\"SEG\" \/>\n<meta property=\"article:modified_time\" content=\"2021-11-17T13:16:36+00:00\" \/>\n<meta name=\"twitter:card\" content=\"summary_large_image\" \/>\n<meta name=\"twitter:label1\" content=\"Tiempo de lectura\" \/>\n\t<meta name=\"twitter:data1\" content=\"1 minuto\" \/>\n<script type=\"application\/ld+json\" class=\"yoast-schema-graph\">{\"@context\":\"https:\\\/\\\/schema.org\",\"@graph\":[{\"@type\":\"WebPage\",\"@id\":\"https:\\\/\\\/sogema-engineering.com\\\/es\\\/compromiso-con-la-calidad\\\/\",\"url\":\"https:\\\/\\\/sogema-engineering.com\\\/es\\\/compromiso-con-la-calidad\\\/\",\"name\":\"Compromiso con la calidad - SEG\",\"isPartOf\":{\"@id\":\"https:\\\/\\\/sogema-engineering.com\\\/es\\\/#website\"},\"datePublished\":\"2021-10-19T08:53:35+00:00\",\"dateModified\":\"2021-11-17T13:16:36+00:00\",\"breadcrumb\":{\"@id\":\"https:\\\/\\\/sogema-engineering.com\\\/es\\\/compromiso-con-la-calidad\\\/#breadcrumb\"},\"inLanguage\":\"es\",\"potentialAction\":[{\"@type\":\"ReadAction\",\"target\":[\"https:\\\/\\\/sogema-engineering.com\\\/es\\\/compromiso-con-la-calidad\\\/\"]}]},{\"@type\":\"BreadcrumbList\",\"@id\":\"https:\\\/\\\/sogema-engineering.com\\\/es\\\/compromiso-con-la-calidad\\\/#breadcrumb\",\"itemListElement\":[{\"@type\":\"ListItem\",\"position\":1,\"name\":\"Accueil\",\"item\":\"https:\\\/\\\/sogema-engineering.com\\\/es\\\/\"},{\"@type\":\"ListItem\",\"position\":2,\"name\":\"Compromiso con la calidad\"}]},{\"@type\":\"WebSite\",\"@id\":\"https:\\\/\\\/sogema-engineering.com\\\/es\\\/#website\",\"url\":\"https:\\\/\\\/sogema-engineering.com\\\/es\\\/\",\"name\":\"SEG\",\"description\":\"SEG - Sogema Engineering Expertise, Ing\u00e9nierie et solutions ferroviaires par Sogema.\",\"potentialAction\":[{\"@type\":\"SearchAction\",\"target\":{\"@type\":\"EntryPoint\",\"urlTemplate\":\"https:\\\/\\\/sogema-engineering.com\\\/es\\\/?s={search_term_string}\"},\"query-input\":{\"@type\":\"PropertyValueSpecification\",\"valueRequired\":true,\"valueName\":\"search_term_string\"}}],\"inLanguage\":\"es\"}]}<\/script>\n<!-- \/ Yoast SEO plugin. -->","yoast_head_json":{"title":"Compromiso con la calidad - SEG","robots":{"index":"index","follow":"follow","max-snippet":"max-snippet:-1","max-image-preview":"max-image-preview:large","max-video-preview":"max-video-preview:-1"},"canonical":"https:\/\/sogema-engineering.com\/es\/compromiso-con-la-calidad\/","og_locale":"es_ES","og_type":"article","og_title":"Compromiso con la calidad - SEG","og_url":"https:\/\/sogema-engineering.com\/es\/compromiso-con-la-calidad\/","og_site_name":"SEG","article_modified_time":"2021-11-17T13:16:36+00:00","twitter_card":"summary_large_image","twitter_misc":{"Tiempo de lectura":"1 minuto"},"schema":{"@context":"https:\/\/schema.org","@graph":[{"@type":"WebPage","@id":"https:\/\/sogema-engineering.com\/es\/compromiso-con-la-calidad\/","url":"https:\/\/sogema-engineering.com\/es\/compromiso-con-la-calidad\/","name":"Compromiso con la calidad - SEG","isPartOf":{"@id":"https:\/\/sogema-engineering.com\/es\/#website"},"datePublished":"2021-10-19T08:53:35+00:00","dateModified":"2021-11-17T13:16:36+00:00","breadcrumb":{"@id":"https:\/\/sogema-engineering.com\/es\/compromiso-con-la-calidad\/#breadcrumb"},"inLanguage":"es","potentialAction":[{"@type":"ReadAction","target":["https:\/\/sogema-engineering.com\/es\/compromiso-con-la-calidad\/"]}]},{"@type":"BreadcrumbList","@id":"https:\/\/sogema-engineering.com\/es\/compromiso-con-la-calidad\/#breadcrumb","itemListElement":[{"@type":"ListItem","position":1,"name":"Accueil","item":"https:\/\/sogema-engineering.com\/es\/"},{"@type":"ListItem","position":2,"name":"Compromiso con la calidad"}]},{"@type":"WebSite","@id":"https:\/\/sogema-engineering.com\/es\/#website","url":"https:\/\/sogema-engineering.com\/es\/","name":"SEG","description":"SEG - Sogema Engineering Expertise, Ing\u00e9nierie et solutions ferroviaires par Sogema.","potentialAction":[{"@type":"SearchAction","target":{"@type":"EntryPoint","urlTemplate":"https:\/\/sogema-engineering.com\/es\/?s={search_term_string}"},"query-input":{"@type":"PropertyValueSpecification","valueRequired":true,"valueName":"search_term_string"}}],"inLanguage":"es"}]}},"_links":{"self":[{"href":"https:\/\/sogema-engineering.com\/es\/wp-json\/wp\/v2\/pages\/2824","targetHints":{"allow":["GET"]}}],"collection":[{"href":"https:\/\/sogema-engineering.com\/es\/wp-json\/wp\/v2\/pages"}],"about":[{"href":"https:\/\/sogema-engineering.com\/es\/wp-json\/wp\/v2\/types\/page"}],"author":[{"embeddable":true,"href":"https:\/\/sogema-engineering.com\/es\/wp-json\/wp\/v2\/users\/5"}],"replies":[{"embeddable":true,"href":"https:\/\/sogema-engineering.com\/es\/wp-json\/wp\/v2\/comments?post=2824"}],"version-history":[{"count":2,"href":"https:\/\/sogema-engineering.com\/es\/wp-json\/wp\/v2\/pages\/2824\/revisions"}],"predecessor-version":[{"id":2832,"href":"https:\/\/sogema-engineering.com\/es\/wp-json\/wp\/v2\/pages\/2824\/revisions\/2832"}],"wp:attachment":[{"href":"https:\/\/sogema-engineering.com\/es\/wp-json\/wp\/v2\/media?parent=2824"}],"curies":[{"name":"wp","href":"https:\/\/api.w.org\/{rel}","templated":true}]}}