{"id":2866,"date":"2021-10-20T17:17:38","date_gmt":"2021-10-20T15:17:38","guid":{"rendered":"http:\/\/sogema-engineering.com\/histoire\/"},"modified":"2021-11-17T12:46:55","modified_gmt":"2021-11-17T11:46:55","slug":"historia","status":"publish","type":"page","link":"https:\/\/sogema-engineering.com\/es\/historia\/","title":{"rendered":"Historia"},"content":{"rendered":"\r\n<div class=\"cim-header\" style=\"background-image:url(http:\/\/sogema-engineering.com\/wp-content\/uploads\/2021\/10\/header-news-1-1.png);\">\r\n\t\t<div class=\"bottom-shape\"><\/div>\r\n\t<div class=\"container\">\r\n\t\t\t\t\t<div class=\"breadcrumb\">\r\n\t\t\t\t<ul>\r\n\t\t\t\t\t\t\t\t\t\t\t\t<li><a href=\"https:\/\/sogema-engineering.com\/es\/\">INICIO<\/a><\/li>\r\n\t\t\t\t\t\t\t\t\t\t\t\t<li><span>Historia<\/span><\/li>\r\n\t\t\t\t\t\t\t\t\t\t<\/ul>\r\n\t\t\t<\/div>\r\n\t\t\r\n\t\t<div class=\"row\">\r\n\t\t\t<div class=\"col-12 col-lg-9\">\r\n\t\t\t\t<h1>La historia de SEG<\/h1>\r\n\t\t\t<\/div>\r\n\t\t<\/div>\r\n\t<\/div>\r\n<\/div>\n\n<div class=\"cim-timeline\">\r\n    <div class=\"container\">\r\n        <div class=\"timeline-container\">\r\n            <div class=\"bar\"><\/div>\r\n\r\n                            <div class=\"timeline-element-container first\">\r\n                    <div class=\"timeline-element head\">\r\n                         <h2>Fechas claves<\/h2>                          <div class=\"text\">35 a\u00f1os de excelencia e innovaci\u00f3n para ser reconocidos hoy como uno de los l\u00edderes mundiales en el dise\u00f1o y fabricaci\u00f3n de una gama completa de bienes de equipo relacionados con los talleres de Mantenimiento Ferroviario.<\/div>                     <\/div>\r\n                <\/div>\r\n                \r\n                <div class=\"timeline-element-container animated\" data-animation=\"fadeInUp\" style=\"margin-top:-60px\" >\r\n                    <div class=\"timeline-element blue-filled\">\r\n                        <img decoding=\"async\" src=\"https:\/\/sogema-engineering.com\/wp-content\/uploads\/2021\/11\/sogema.jpg\" \/>                        <div class=\"inner\">\r\n                            <div class=\"date\">1980<\/div>                            <div class=\"subtitle\">Creaci\u00f3n de SOGEMA (Societe Generale de Mec\u00e1nica Aplicada).<\/div>                            <p>Las actividades de la empresa se organizan en dos divisiones: por un lado, el mantenimiento industrial en los campos de la mec\u00e1nica, hidr\u00e1ulica, automatizaci\u00f3n y electricidad y por otro lado el dise\u00f1o de m\u00e1quinas especiales en el mundo ferroviario.<\/p>                                                                                <\/div>\r\n                                                    <div class=\"bottom-svg\">\r\n                                <svg xmlns=\"http:\/\/www.w3.org\/2000\/svg\" width=\"1920\" height=\"235\" viewBox=\"0 0 1920 235\">\r\n                                    <path style=\"fill:#FFFFFF\" data-name=\"svg-bottom\" d=\"M0,235V180L1920,0V235Z\" \/>\r\n                                <\/svg>\r\n                            <\/div>\r\n                                                <\/div>\r\n                <\/div>\r\n\r\n                \r\n                <div class=\"timeline-element-container animated\" data-animation=\"fadeInUp\" style=\"margin-top:-80px\" >\r\n                    <div class=\"timeline-element red\">\r\n                                                <div class=\"inner\">\r\n                            <div class=\"date\">1990<\/div>                            <div class=\"subtitle\">Reubicaci\u00f3n de la empresa en locales modernos con de 2.500 m2 en la zona de Lys-Lez-Lannoy Nord.<\/div>                                                                                                            <\/div>\r\n                                            <\/div>\r\n                <\/div>\r\n\r\n                \r\n                <div class=\"timeline-element-container animated\" data-animation=\"fadeInUp\"  >\r\n                    <div class=\"timeline-element blue-filled\">\r\n                        <img decoding=\"async\" src=\"https:\/\/sogema-engineering.com\/wp-content\/uploads\/2021\/11\/sogema-engi-1.jpg\" \/>                        <div class=\"inner\">\r\n                            <div class=\"date\">2000<\/div>                            <div class=\"subtitle\">Creaci\u00f3n de Ingenier\u00eda SOGEMA<\/div>                            <p>Dedicada a la fabricaci\u00f3n de bienes de equipo relacionados con talleres de Mantenimiento Ferroviario en todo el mundo. Creaci\u00f3n de una gama completa de productos.<\/p>                                                                                <\/div>\r\n                                                    <div class=\"bottom-svg\">\r\n                                <svg xmlns=\"http:\/\/www.w3.org\/2000\/svg\" width=\"1920\" height=\"235\" viewBox=\"0 0 1920 235\">\r\n                                    <path style=\"fill:#FFFFFF\" data-name=\"svg-bottom\" d=\"M0,235V180L1920,0V235Z\" \/>\r\n                                <\/svg>\r\n                            <\/div>\r\n                                                <\/div>\r\n                <\/div>\r\n\r\n                \r\n                <div class=\"timeline-element-container animated\" data-animation=\"fadeInUp\"  >\r\n                    <div class=\"timeline-element red\">\r\n                        <img decoding=\"async\" src=\"https:\/\/sogema-engineering.com\/wp-content\/uploads\/2021\/11\/sumeca-1.jpg\" \/>                        <div class=\"inner\">\r\n                            <div class=\"date\">2010<\/div>                            <div class=\"subtitle\">Adquisici\u00f3n e integraci\u00f3n de la empresa de mecanizados SUMECA.<\/div>                                                                                                            <\/div>\r\n                                            <\/div>\r\n                <\/div>\r\n\r\n                \r\n                <div class=\"timeline-element-container animated\" data-animation=\"fadeInUp\"  >\r\n                    <div class=\"timeline-element blue-filled\">\r\n                        <img decoding=\"async\" src=\"https:\/\/sogema-engineering.com\/wp-content\/uploads\/2021\/11\/cim1-1.jpg\" \/>                        <div class=\"inner\">\r\n                            <div class=\"date\">2013<\/div>                            <div class=\"subtitle\">SOGEMA Engineering, <\/div>                            <p>L\u00edder en el mantenimiento de equipos gareiarios confirma su fusi\u00f3n con el grupo CIM (Empresa Internacional de Mantenimiento).<\/p>                                                                                <\/div>\r\n                                                    <div class=\"bottom-svg\">\r\n                                <svg xmlns=\"http:\/\/www.w3.org\/2000\/svg\" width=\"1920\" height=\"235\" viewBox=\"0 0 1920 235\">\r\n                                    <path style=\"fill:#FFFFFF\" data-name=\"svg-bottom\" d=\"M0,235V180L1920,0V235Z\" \/>\r\n                                <\/svg>\r\n                            <\/div>\r\n                                                <\/div>\r\n                <\/div>\r\n\r\n                \r\n                <div class=\"timeline-element-container animated\" data-animation=\"fadeInUp\"  >\r\n                    <div class=\"timeline-element red\">\r\n                        <img decoding=\"async\" src=\"https:\/\/sogema-engineering.com\/wp-content\/uploads\/2021\/11\/seg.jpg\" \/>                        <div class=\"inner\">\r\n                            <div class=\"date\">Hoy dia<\/div>                            <div class=\"subtitle\">Sogema Ingenier\u00eda pasa a ser SEG una marca del grupo CIM.<\/div>                            <p>SEG aporta sus grandes habilidades y experiencia al suministro de equipos relacionados con los talleres de Mantenimiento Ferroviario.<\/p>                                                                                <\/div>\r\n                                            <\/div>\r\n                <\/div>\r\n\r\n                \r\n            <div class=\"clear\"><\/div>\r\n\r\n        <\/div>\r\n    <\/div>\r\n<\/div>\r\n","protected":false},"excerpt":{"rendered":"","protected":false},"author":5,"featured_media":0,"parent":0,"menu_order":0,"comment_status":"closed","ping_status":"closed","template":"","meta":{"_acf_changed":false,"footnotes":""},"class_list":["post-2866","page","type-page","status-publish","hentry"],"acf":[],"_links":{"self":[{"href":"https:\/\/sogema-engineering.com\/es\/wp-json\/wp\/v2\/pages\/2866","targetHints":{"allow":["GET"]}}],"collection":[{"href":"https:\/\/sogema-engineering.com\/es\/wp-json\/wp\/v2\/pages"}],"about":[{"href":"https:\/\/sogema-engineering.com\/es\/wp-json\/wp\/v2\/types\/page"}],"author":[{"embeddable":true,"href":"https:\/\/sogema-engineering.com\/es\/wp-json\/wp\/v2\/users\/5"}],"replies":[{"embeddable":true,"href":"https:\/\/sogema-engineering.com\/es\/wp-json\/wp\/v2\/comments?post=2866"}],"version-history":[{"count":4,"href":"https:\/\/sogema-engineering.com\/es\/wp-json\/wp\/v2\/pages\/2866\/revisions"}],"predecessor-version":[{"id":3143,"href":"https:\/\/sogema-engineering.com\/es\/wp-json\/wp\/v2\/pages\/2866\/revisions\/3143"}],"wp:attachment":[{"href":"https:\/\/sogema-engineering.com\/es\/wp-json\/wp\/v2\/media?parent=2866"}],"curies":[{"name":"wp","href":"https:\/\/api.w.org\/{rel}","templated":true}]}}