{"id":3224,"date":"2021-11-23T11:41:28","date_gmt":"2021-11-23T10:41:28","guid":{"rendered":"https:\/\/sogema-engineering.com\/?page_id=3224"},"modified":"2021-11-26T12:03:33","modified_gmt":"2021-11-26T11:03:33","slug":"ensamblaje","status":"publish","type":"page","link":"https:\/\/sogema-engineering.com\/es\/ensamblaje\/","title":{"rendered":"Ensamblaje"},"content":{"rendered":"\r\n<div class=\"cim-header\" style=\"background-image:url(http:\/\/sogema-engineering.com\/wp-content\/uploads\/2021\/10\/header-news-1-1.png);\">\r\n\t <div class=\"overlay\"><\/div> \t<div class=\"bottom-shape\"><\/div>\r\n\t<div class=\"container\">\r\n\t\t\t\t\t<div class=\"breadcrumb\">\r\n\t\t\t\t<ul>\r\n\t\t\t\t\t\t\t\t\t\t\t\t<li><a href=\"https:\/\/sogema-engineering.com\/es\/\">INICIO<\/a><\/li>\r\n\t\t\t\t\t\t\t\t\t\t\t\t<li><span>Ensamblaje<\/span><\/li>\r\n\t\t\t\t\t\t\t\t\t\t<\/ul>\r\n\t\t\t<\/div>\r\n\t\t\r\n\t\t<div class=\"row\">\r\n\t\t\t<div class=\"col-12 col-lg-9\">\r\n\t\t\t\t<h1><br>Ensamblaje<\/h1>\r\n\t\t\t<\/div>\r\n\t\t<\/div>\r\n\t<\/div>\r\n<\/div>\n\n<div class=\"cim-columns\">\r\n\t<div class=\"container\">\r\n\t\t\t\t\r\n\t\t\r\n\t\t<div class=\"row\">\r\n\t\t\t\t\t\t\t<div class=\"col-12 col-lg-6\">\r\n\t\t\t\t\t<div class=\"element\">\r\n\t\t\t\t\t\t<img decoding=\"async\" src=\"http:\/\/sogema-engineering.com\/wp-content\/uploads\/2021\/10\/24336-presse-caler-decaler-284x150-1.jpeg\" \/>\t\t\t\t\t\t<h3>Prensas de ruedas hidr\u00e1ulicas<\/h3>\t\t\t\t\t\t<div class=\"element-text\"><p>Se utiliza para montar y desmontar ruedas, discos de freno, etc. Son posibles muchas opciones: <\/p><p>&#8211; Carro <\/p><p>&#8211; Mesa de preparaci\u00f3n <\/p><p>&#8211; Gr\u00faa p\u00f3rtico <\/p><p>&#8211; Conjunto de calibraci\u00f3n<\/p><p> &#8211; Dispositivos de medici\u00f3n adicionales<\/p><\/div>\t\t\t\t\t\t\t\t\t\t\t<\/div>\r\n\t\t\t\t<\/div>\r\n\t\t\t\t\t\t\t\t<div class=\"col-12 col-lg-6\">\r\n\t\t\t\t\t<div class=\"element\">\r\n\t\t\t\t\t\t<img decoding=\"async\" src=\"http:\/\/sogema-engineering.com\/wp-content\/uploads\/2021\/10\/28787-presse-bogies-284x150-1.jpeg\" \/>\t\t\t\t\t\t<h3>Prensa de montaje de bogies<\/h3>\t\t\t\t\t\t<div class=\"element-text\"><p>Permite el montaje y desmontaje del bogie <\/p><p>&#8211; Posicionamiento del juego de ruedas <\/p><p>&#8211; Compresi\u00f3n de las suspensiones primarias<\/p><\/div>\t\t\t\t\t\t\t\t\t\t\t<\/div>\r\n\t\t\t\t<\/div>\r\n\t\t\t\t\t\t<\/div>\r\n\t<\/div>\r\n<\/div>\n\n\n<pre id=\"tw-target-text\" class=\"wp-block-preformatted\"><kbd><strong>C\u00f3mo funciona la prensa de montaje y desmontaje.<\/strong><\/kbd><\/pre>\n\n\n\n<figure class=\"wp-block-embed aligncenter is-type-video is-provider-youtube wp-block-embed-youtube wp-embed-aspect-4-3 wp-has-aspect-ratio\"><div class=\"wp-block-embed__wrapper\">\n<iframe loading=\"lazy\" title=\"Presse \u00e0 caler et \u00e0 d\u00e9caler de SEG\" width=\"500\" height=\"375\" src=\"https:\/\/www.youtube.com\/embed\/EYlPblMlO6U?feature=oembed\" frameborder=\"0\" allow=\"accelerometer; autoplay; clipboard-write; encrypted-media; gyroscope; picture-in-picture; web-share\" referrerpolicy=\"strict-origin-when-cross-origin\" allowfullscreen><\/iframe>\n<\/div><\/figure>\n\n\n<div class=\"cim-section\" style=\"background-image:url(http:\/\/sogema-engineering.com\/wp-content\/uploads\/2021\/03\/cim-projet.jpg);\">\r\n\t\t\t<div class=\"overlay\"><\/div>\r\n\t\t\t<div class=\"container\">\r\n\t\t<div class=\"row\">\r\n\t\t\t<div class=\"col-12 col-lg-6\">\r\n\t\t\t\t <h2>Oficina de Estudios<\/h2> \t\t\t\t <div class=\"text\">Con m\u00e1s de 40 a\u00f1os de experiencia en el dise\u00f1o de bienes de equipamiento para talleres de mantenimiento ferroviario, nuestra oficina de proyectos se encuentra entre las m\u00e1s avanzadas del sector.<\/div> \t\t\t\t\t\t\t\t\t<div class=\"cta\">\r\n\t\t\t\t\t\t<a href=\"https:\/\/sogema-engineering.com\/es\/cim-projet-360\/\"><strong>M\u00c1S INFORMACI\u00d3N SOBRE LA EMPRESA<\/strong><\/a>\r\n\t\t\t\t\t<\/div>\r\n\t\t\t\t\t\t\t\t<\/div>\r\n\t\t<\/div>\r\n\t<\/div>\r\n<\/div>","protected":false},"excerpt":{"rendered":"<p>C\u00f3mo funciona la prensa de montaje y desmontaje.<\/p>\n","protected":false},"author":9,"featured_media":0,"parent":0,"menu_order":0,"comment_status":"closed","ping_status":"closed","template":"","meta":{"_acf_changed":false,"footnotes":""},"class_list":["post-3224","page","type-page","status-publish","hentry"],"acf":[],"yoast_head":"<!-- This site is optimized with the Yoast SEO plugin v27.5 - https:\/\/yoast.com\/product\/yoast-seo-wordpress\/ -->\n<title>Ensamblaje - SEG<\/title>\n<meta name=\"robots\" content=\"index, follow, max-snippet:-1, max-image-preview:large, max-video-preview:-1\" \/>\n<link rel=\"canonical\" href=\"https:\/\/sogema-engineering.com\/es\/ensamblaje\/\" \/>\n<meta property=\"og:locale\" content=\"es_ES\" \/>\n<meta property=\"og:type\" content=\"article\" \/>\n<meta property=\"og:title\" content=\"Ensamblaje - SEG\" \/>\n<meta property=\"og:description\" content=\"C\u00f3mo funciona la prensa de montaje y desmontaje.\" \/>\n<meta property=\"og:url\" content=\"https:\/\/sogema-engineering.com\/es\/ensamblaje\/\" \/>\n<meta property=\"og:site_name\" content=\"SEG\" \/>\n<meta property=\"article:modified_time\" content=\"2021-11-26T11:03:33+00:00\" \/>\n<meta name=\"twitter:card\" content=\"summary_large_image\" \/>\n<meta name=\"twitter:label1\" content=\"Tiempo de lectura\" \/>\n\t<meta name=\"twitter:data1\" content=\"1 minuto\" \/>\n<script type=\"application\/ld+json\" class=\"yoast-schema-graph\">{\"@context\":\"https:\\\/\\\/schema.org\",\"@graph\":[{\"@type\":\"WebPage\",\"@id\":\"https:\\\/\\\/sogema-engineering.com\\\/es\\\/ensamblaje\\\/\",\"url\":\"https:\\\/\\\/sogema-engineering.com\\\/es\\\/ensamblaje\\\/\",\"name\":\"Ensamblaje - SEG\",\"isPartOf\":{\"@id\":\"https:\\\/\\\/sogema-engineering.com\\\/es\\\/#website\"},\"datePublished\":\"2021-11-23T10:41:28+00:00\",\"dateModified\":\"2021-11-26T11:03:33+00:00\",\"breadcrumb\":{\"@id\":\"https:\\\/\\\/sogema-engineering.com\\\/es\\\/ensamblaje\\\/#breadcrumb\"},\"inLanguage\":\"es\",\"potentialAction\":[{\"@type\":\"ReadAction\",\"target\":[\"https:\\\/\\\/sogema-engineering.com\\\/es\\\/ensamblaje\\\/\"]}]},{\"@type\":\"BreadcrumbList\",\"@id\":\"https:\\\/\\\/sogema-engineering.com\\\/es\\\/ensamblaje\\\/#breadcrumb\",\"itemListElement\":[{\"@type\":\"ListItem\",\"position\":1,\"name\":\"Accueil\",\"item\":\"https:\\\/\\\/sogema-engineering.com\\\/es\\\/\"},{\"@type\":\"ListItem\",\"position\":2,\"name\":\"Ensamblaje\"}]},{\"@type\":\"WebSite\",\"@id\":\"https:\\\/\\\/sogema-engineering.com\\\/es\\\/#website\",\"url\":\"https:\\\/\\\/sogema-engineering.com\\\/es\\\/\",\"name\":\"SEG\",\"description\":\"SEG - Sogema Engineering Expertise, Ing\u00e9nierie et solutions ferroviaires par Sogema.\",\"potentialAction\":[{\"@type\":\"SearchAction\",\"target\":{\"@type\":\"EntryPoint\",\"urlTemplate\":\"https:\\\/\\\/sogema-engineering.com\\\/es\\\/?s={search_term_string}\"},\"query-input\":{\"@type\":\"PropertyValueSpecification\",\"valueRequired\":true,\"valueName\":\"search_term_string\"}}],\"inLanguage\":\"es\"}]}<\/script>\n<!-- \/ Yoast SEO plugin. -->","yoast_head_json":{"title":"Ensamblaje - SEG","robots":{"index":"index","follow":"follow","max-snippet":"max-snippet:-1","max-image-preview":"max-image-preview:large","max-video-preview":"max-video-preview:-1"},"canonical":"https:\/\/sogema-engineering.com\/es\/ensamblaje\/","og_locale":"es_ES","og_type":"article","og_title":"Ensamblaje - SEG","og_description":"C\u00f3mo funciona la prensa de montaje y desmontaje.","og_url":"https:\/\/sogema-engineering.com\/es\/ensamblaje\/","og_site_name":"SEG","article_modified_time":"2021-11-26T11:03:33+00:00","twitter_card":"summary_large_image","twitter_misc":{"Tiempo de lectura":"1 minuto"},"schema":{"@context":"https:\/\/schema.org","@graph":[{"@type":"WebPage","@id":"https:\/\/sogema-engineering.com\/es\/ensamblaje\/","url":"https:\/\/sogema-engineering.com\/es\/ensamblaje\/","name":"Ensamblaje - SEG","isPartOf":{"@id":"https:\/\/sogema-engineering.com\/es\/#website"},"datePublished":"2021-11-23T10:41:28+00:00","dateModified":"2021-11-26T11:03:33+00:00","breadcrumb":{"@id":"https:\/\/sogema-engineering.com\/es\/ensamblaje\/#breadcrumb"},"inLanguage":"es","potentialAction":[{"@type":"ReadAction","target":["https:\/\/sogema-engineering.com\/es\/ensamblaje\/"]}]},{"@type":"BreadcrumbList","@id":"https:\/\/sogema-engineering.com\/es\/ensamblaje\/#breadcrumb","itemListElement":[{"@type":"ListItem","position":1,"name":"Accueil","item":"https:\/\/sogema-engineering.com\/es\/"},{"@type":"ListItem","position":2,"name":"Ensamblaje"}]},{"@type":"WebSite","@id":"https:\/\/sogema-engineering.com\/es\/#website","url":"https:\/\/sogema-engineering.com\/es\/","name":"SEG","description":"SEG - Sogema Engineering Expertise, Ing\u00e9nierie et solutions ferroviaires par Sogema.","potentialAction":[{"@type":"SearchAction","target":{"@type":"EntryPoint","urlTemplate":"https:\/\/sogema-engineering.com\/es\/?s={search_term_string}"},"query-input":{"@type":"PropertyValueSpecification","valueRequired":true,"valueName":"search_term_string"}}],"inLanguage":"es"}]}},"_links":{"self":[{"href":"https:\/\/sogema-engineering.com\/es\/wp-json\/wp\/v2\/pages\/3224","targetHints":{"allow":["GET"]}}],"collection":[{"href":"https:\/\/sogema-engineering.com\/es\/wp-json\/wp\/v2\/pages"}],"about":[{"href":"https:\/\/sogema-engineering.com\/es\/wp-json\/wp\/v2\/types\/page"}],"author":[{"embeddable":true,"href":"https:\/\/sogema-engineering.com\/es\/wp-json\/wp\/v2\/users\/9"}],"replies":[{"embeddable":true,"href":"https:\/\/sogema-engineering.com\/es\/wp-json\/wp\/v2\/comments?post=3224"}],"version-history":[{"count":2,"href":"https:\/\/sogema-engineering.com\/es\/wp-json\/wp\/v2\/pages\/3224\/revisions"}],"predecessor-version":[{"id":3408,"href":"https:\/\/sogema-engineering.com\/es\/wp-json\/wp\/v2\/pages\/3224\/revisions\/3408"}],"wp:attachment":[{"href":"https:\/\/sogema-engineering.com\/es\/wp-json\/wp\/v2\/media?parent=3224"}],"curies":[{"name":"wp","href":"https:\/\/api.w.org\/{rel}","templated":true}]}}