{"id":3872,"date":"2019-12-19T15:00:54","date_gmt":"2019-12-19T14:00:54","guid":{"rendered":"https:\/\/sogema-engineering.com\/controle-mesure\/"},"modified":"2021-12-03T14:46:42","modified_gmt":"2021-12-03T13:46:42","slug":"controle-mesure","status":"publish","type":"page","link":"https:\/\/sogema-engineering.com\/es\/controle-mesure\/","title":{"rendered":"Control \/ medici\u00f3n"},"content":{"rendered":"\r\n<div class=\"cim-header\" style=\"background-image:url(http:\/\/sogema-engineering.com\/wp-content\/uploads\/2021\/10\/header-news-1-1.png);\">\r\n\t\t<div class=\"bottom-shape\"><\/div>\r\n\t<div class=\"container\">\r\n\t\t\t\t\t<div class=\"breadcrumb\">\r\n\t\t\t\t<ul>\r\n\t\t\t\t\t\t\t\t\t\t\t\t<li><a href=\"https:\/\/sogema-engineering.com\/es\/\">INICIO<\/a><\/li>\r\n\t\t\t\t\t\t\t\t\t\t\t\t<li><span>Control \/ medici\u00f3n<\/span><\/li>\r\n\t\t\t\t\t\t\t\t\t\t<\/ul>\r\n\t\t\t<\/div>\r\n\t\t\r\n\t\t<div class=\"row\">\r\n\t\t\t<div class=\"col-12 col-lg-9\">\r\n\t\t\t\t<h1>Control \/ medici\u00f3n<\/h1>\r\n\t\t\t<\/div>\r\n\t\t<\/div>\r\n\t<\/div>\r\n<\/div>\n\n<div class=\"cim-list-icn\">\r\n\t<div class=\"container\">\r\n\t\t\t\t\r\n\t\t<div class=\"elements\">\r\n\t\t\t\t\t\t\t\t<div class=\"element\">\r\n\t\t\t\t\t\t<div class=\"row\">\r\n\t\t\t\t\t\t\t<div class=\"col-1\">\r\n\t\t\t\t\t\t\t\t\t\t\t\t\t\t\t<\/div>\r\n\t\t\t\t\t\t\t<div class=\"col-11\">\r\n\t\t\t\t\t\t\t\t<h3>Banco de medici\u00f3n de ejes<\/h3>\t\t\t\t\t\t\t\t<p>Banco de medici\u00f3n con tecnolog\u00eda l\u00e1ser para la experiencia y el control de ejes desmontados.<\/p>\t\t\t\t\t\t\t<\/div>\r\n\t\t\t\t\t\t<\/div>\r\n\t\t\t\t\t<\/div>\r\n\t\t\t\t\t\t\t\t\t\t<div class=\"element\">\r\n\t\t\t\t\t\t<div class=\"row\">\r\n\t\t\t\t\t\t\t<div class=\"col-1\">\r\n\t\t\t\t\t\t\t\t\t\t\t\t\t\t\t<\/div>\r\n\t\t\t\t\t\t\t<div class=\"col-11\">\r\n\t\t\t\t\t\t\t\t<h3>Banco de ajuste de muelles de suspensi\u00f3n<\/h3>\t\t\t\t\t\t\t\t<p>Caracterizaci\u00f3n de muelles de suspensi\u00f3n.<\/p>\t\t\t\t\t\t\t<\/div>\r\n\t\t\t\t\t\t<\/div>\r\n\t\t\t\t\t<\/div>\r\n\t\t\t\t\t\t\t\t\t\t<div class=\"element\">\r\n\t\t\t\t\t\t<div class=\"row\">\r\n\t\t\t\t\t\t\t<div class=\"col-1\">\r\n\t\t\t\t\t\t\t\t\t\t\t\t\t\t\t<\/div>\r\n\t\t\t\t\t\t\t<div class=\"col-11\">\r\n\t\t\t\t\t\t\t\t<h3>Banco de fijaci\u00f3n de bogie<\/h3>\t\t\t\t\t\t\t\t<p>Banco de fijaci\u00f3n de bogie que garantiza la verificaci\u00f3n de la distribuci\u00f3n de cargas en las 4 ruedas del mismo bogie.<\/p>\t\t\t\t\t\t\t<\/div>\r\n\t\t\t\t\t\t<\/div>\r\n\t\t\t\t\t<\/div>\r\n\t\t\t\t\t\t\t\t\t\t<div class=\"element\">\r\n\t\t\t\t\t\t<div class=\"row\">\r\n\t\t\t\t\t\t\t<div class=\"col-1\">\r\n\t\t\t\t\t\t\t\t\t\t\t\t\t\t\t<\/div>\r\n\t\t\t\t\t\t\t<div class=\"col-11\">\r\n\t\t\t\t\t\t\t\t<h3>Banco Equerrage<\/h3>\t\t\t\t\t\t\t\t<p>Controla la planitud de los marcos de bogie.<\/p>\t\t\t\t\t\t\t<\/div>\r\n\t\t\t\t\t\t<\/div>\r\n\t\t\t\t\t<\/div>\r\n\t\t\t\t\t\t\t<\/div>\r\n\t<\/div>\r\n<\/div>\n\n<div class=\"cim-section\" style=\"background-image:url(http:\/\/sogema-engineering.com\/wp-content\/uploads\/2020\/10\/cim-projet.jpg);\">\r\n\t\t\t<div class=\"overlay\"><\/div>\r\n\t\t\t<div class=\"container\">\r\n\t\t<div class=\"row\">\r\n\t\t\t<div class=\"col-12 col-lg-6\">\r\n\t\t\t\t <h2>Bureau d&#8217;\u00e9tudes<\/h2> \t\t\t\t <div class=\"text\">Fort de plus de 40 ans d\u2019exp\u00e9rience dans la conception de biens d\u2019\u00e9quipements pour les ateliers de maintenance ferroviaire, notre bureau d\u2019\u00e9tudes compte parmi les plus pointus du secteur.<\/div> \t\t\t\t\t\t\t\t\t<div class=\"cta\">\r\n\t\t\t\t\t\t<a href=\"http:\/\/sogema-engineering.com\/cim-projet-360\/\">En savoir plus<\/a>\r\n\t\t\t\t\t<\/div>\r\n\t\t\t\t\t\t\t\t<\/div>\r\n\t\t<\/div>\r\n\t<\/div>\r\n<\/div>","protected":false},"excerpt":{"rendered":"","protected":false},"author":5,"featured_media":0,"parent":0,"menu_order":0,"comment_status":"closed","ping_status":"closed","template":"","meta":{"_acf_changed":false,"footnotes":""},"class_list":["post-3872","page","type-page","status-publish","hentry"],"acf":[],"_links":{"self":[{"href":"https:\/\/sogema-engineering.com\/es\/wp-json\/wp\/v2\/pages\/3872","targetHints":{"allow":["GET"]}}],"collection":[{"href":"https:\/\/sogema-engineering.com\/es\/wp-json\/wp\/v2\/pages"}],"about":[{"href":"https:\/\/sogema-engineering.com\/es\/wp-json\/wp\/v2\/types\/page"}],"author":[{"embeddable":true,"href":"https:\/\/sogema-engineering.com\/es\/wp-json\/wp\/v2\/users\/5"}],"replies":[{"embeddable":true,"href":"https:\/\/sogema-engineering.com\/es\/wp-json\/wp\/v2\/comments?post=3872"}],"version-history":[{"count":3,"href":"https:\/\/sogema-engineering.com\/es\/wp-json\/wp\/v2\/pages\/3872\/revisions"}],"predecessor-version":[{"id":3882,"href":"https:\/\/sogema-engineering.com\/es\/wp-json\/wp\/v2\/pages\/3872\/revisions\/3882"}],"wp:attachment":[{"href":"https:\/\/sogema-engineering.com\/es\/wp-json\/wp\/v2\/media?parent=3872"}],"curies":[{"name":"wp","href":"https:\/\/api.w.org\/{rel}","templated":true}]}}